{"id":8601,"date":"2022-09-12T16:53:43","date_gmt":"2022-09-12T16:53:43","guid":{"rendered":"https:\/\/eleforce.uk\/\/?page_id=8601"},"modified":"2026-02-22T13:48:33","modified_gmt":"2026-02-22T13:48:33","slug":"cookie-policy","status":"publish","type":"page","link":"https:\/\/eleforce.uk\/es\/cookie-policy\/","title":{"rendered":"Pol\u00edtica de cookies"},"content":{"rendered":"<div data-elementor-type=\"wp-page\" data-elementor-id=\"8601\" class=\"elementor elementor-8601\" data-elementor-post-type=\"page\">\n\t\t\t\t<div class=\"wd-negative-gap elementor-element elementor-element-6bdfe9b7 e-flex e-con-boxed e-con e-parent\" data-id=\"6bdfe9b7\" data-element_type=\"container\" data-e-type=\"container\">\n\t\t\t\t\t<div class=\"e-con-inner\">\n\t\t\t\t<div class=\"elementor-element elementor-element-59f494b color-scheme-inherit text-left elementor-widget elementor-widget-text-editor\" data-id=\"59f494b\" data-element_type=\"widget\" data-e-type=\"widget\" data-widget_type=\"text-editor.default\">\n\t\t\t\t\t\t\t\t\t\n<p id=\"u43128-7\">Pol\u00edtica de cookies<\/p>\n\n<p id=\"u43128-8\">\u00a0<\/p>\n\n<p id=\"u43128-10\">Questa politica dei cookie (&#8220;Policy&#8221;) descrive quali cookie sono presnti e come l&#8217;operatore del sito web\u00a0 (&#8220;Operatore del sito&#8221;, &#8220;noi&#8221;, &#8220;noi&#8221; o &#8220;il nostro&#8221;) li utilizza sul sito web top-gears.eu e uno qualsiasi dei suoi prodotti o servizi (collettivamente, &#8220;Sito&#8221; o &#8220;Servizi&#8221;).<\/p>\n\n<p id=\"u43128-11\">\u00a0<\/p>\n\n<p id=\"u43128-13\">Le recomendamos que lea esta pol\u00edtica para que pueda entender qu\u00e9 tipo de cookies utilizamos, la informaci\u00f3n que recopilamos utilizando cookies y c\u00f3mo se utiliza esa informaci\u00f3n. Tambi\u00e9n describe las opciones que tiene para aceptar o rechazar el uso de cookies. Para m\u00e1s informaci\u00f3n sobre c\u00f3mo utilizamos, almacenamos y protegemos su informaci\u00f3n personal, consulte nuestra Pol\u00edtica de privacidad.<\/p>\n\n<p id=\"u43128-14\">\u00a0<\/p>\n\n<p id=\"u43128-16\">\u00bfQu\u00e9 son las cookies?<\/p>\n\n<p id=\"u43128-17\">\u00a0<\/p>\n\n<p id=\"u43128-19\">Las cookies son peque\u00f1os fragmentos de datos almacenados en archivos de texto que se guardan en su ordenador u otro dispositivo cuando se cargan sitios web en un navegador. Se utilizan ampliamente para recordarle a usted y sus preferencias, ya sea para una sola visita (utilizando una \"cookie de sesi\u00f3n\") o para m\u00faltiples visitas repetidas (utilizando una \"cookie persistente\").<\/p>\n\n<p id=\"u43128-20\">\u00a0<\/p>\n\n<p id=\"u43128-22\">Las cookies de sesi\u00f3n son cookies temporales que se utilizan durante su visita al Sitio y expiran cuando cierra su navegador.<\/p>\n\n<p id=\"u43128-23\">\u00a0<\/p>\n\n<p id=\"u43128-25\">Las cookies persistentes se utilizan para recordar las preferencias dentro de nuestro sitio y permanecen en su ordenador de sobremesa o dispositivo m\u00f3vil incluso despu\u00e9s de cerrar el navegador o reiniciar el ordenador. Garantizan una experiencia coherente y eficiente al visitar nuestro sitio web o utilizar nuestros servicios.<\/p>\n\n<p id=\"u43128-26\">\u00a0<\/p>\n\n<p id=\"u43128-28\">Las cookies pueden ser instaladas por el sitio web (\"cookies de origen\"), o por terceros, como los que sirven contenidos o prestan servicios publicitarios o anal\u00edticos en el sitio web (\"cookies de terceros\"). Estos terceros pueden reconocerle cuando visita nuestro sitio web y tambi\u00e9n cuando visita otros sitios web.<\/p>\n\n<p id=\"u43128-29\">\u00a0<\/p>\n\n<p id=\"u43128-31\">\u00bfQu\u00e9 tipo de cookies utilizamos?<\/p>\n\n<p id=\"u43128-32\">\u00a0<\/p>\n\n<p id=\"u43128-34\">- Cookies necesarias<\/p>\n\n<p id=\"u43128-35\">\u00a0<\/p>\n\n<p id=\"u43128-37\">Las cookies necesarias nos permiten ofrecerle la mejor experiencia posible cuando accede y navega por nuestro Sitio y utiliza sus funciones. Por ejemplo, estas cookies nos permiten reconocer que usted ha creado una cuenta y ha iniciado sesi\u00f3n en ella para acceder al contenido.<\/p>\n\n<p id=\"u43128-38\">\u00a0<\/p>\n\n<p id=\"u43128-40\">- Cookies funcionales<\/p>\n\n<p id=\"u43128-41\">\u00a0<\/p>\n\n<p id=\"u43128-43\">Las cookies de funcionalidad nos permiten gestionar el Sitio Web y nuestros Servicios de acuerdo con las opciones que usted elija. Por ejemplo, reconoceremos su nombre de usuario y recordaremos c\u00f3mo ha personalizado el sitio web y los servicios en futuras visitas.<\/p>\n\n<p id=\"u43128-44\">\u00a0<\/p>\n\n<p id=\"u43128-46\">\u00bfQu\u00e9 opciones hay para las galletas?<\/p>\n\n<p id=\"u43128-47\">\u00a0<\/p>\n\n<p id=\"u43128-49\">Si no le gusta la idea de las cookies o de ciertos tipos de cookies, puede cambiar la configuraci\u00f3n de su navegador para borrar las cookies ya instaladas y no aceptar nuevas cookies. Para saber c\u00f3mo hacerlo u obtener m\u00e1s informaci\u00f3n sobre las cookies, visite internetcookies.org.<\/p>\n\n<p id=\"u43128-50\">\u00a0<\/p>\n\n<p id=\"u43128-52\">Modificaciones y enmiendas<\/p>\n\n<p id=\"u43128-53\">\u00a0<\/p>\n\n<p id=\"u43128-55\">Nos reservamos el derecho a modificar esta Pol\u00edtica del Sitio o de los Servicios en cualquier momento, con efecto a partir de la publicaci\u00f3n de una versi\u00f3n actualizada de esta Pol\u00edtica en el Sitio. Cuando lo hagamos, revisaremos la fecha de actualizaci\u00f3n en la parte inferior de esta p\u00e1gina. Su uso continuado del Sitio despu\u00e9s de dichos cambios constituir\u00e1 su consentimiento a los mismos.<\/p>\n\n<p id=\"u43128-56\">\u00a0<\/p>\n\n<p id=\"u43128-58\">Aceptaci\u00f3n de esta pol\u00edtica<\/p>\n\n<p id=\"u43128-59\">\u00a0<\/p>\n\n<p id=\"u43128-61\">Usted reconoce haber le\u00eddo esta Pol\u00edtica y acepta todos sus t\u00e9rminos y condiciones. Al utilizar el Sitio o sus Servicios, acepta quedar vinculado por esta Pol\u00edtica. Si no acepta cumplir los t\u00e9rminos de esta Pol\u00edtica, no podr\u00e1 utilizar ni acceder al Sitio ni a sus Servicios.<\/p>\n\n<p id=\"u43128-62\">\u00a0<\/p>\n\n<p id=\"u43128-64\">Per metterti in contatto con noi<\/p>\n\n<p id=\"u43128-65\">\u00a0<\/p>\n\n<p id=\"u43128-67\">Si desea obtener m\u00e1s informaci\u00f3n sobre esta pol\u00edtica o desea ponerse en contacto con nosotros para hacernos alguna pregunta sobre el uso que hacemos de las cookies, puede hacerlo a trav\u00e9s del formulario de contacto o enviando un correo electr\u00f3nico a <a href=\"mailto:info@eleforce.uk\">info@eleforce.uk<\/a>.<\/p>\n\n<p id=\"u43128-68\">\u00a0<\/p>\n\n<p id=\"u43128-70\">Questo documento \u00e8 stato aggiornato l&#8217;ultima volta il 22 Febbraio 2026<\/p>\n\t\t\t\t\t\t\t\t<\/div>\n\t\t\t\t\t<\/div>\n\t\t\t\t<\/div>\n\t\t\t\t<\/div>","protected":false},"excerpt":{"rendered":"<p>Politica dei Cookie \u00a0 Questa politica dei cookie (&#8220;Policy&#8221;) descrive quali cookie sono presnti e come l&#8217;operatore del sito web\u00a0<\/p>","protected":false},"author":5,"featured_media":0,"parent":0,"menu_order":0,"comment_status":"closed","ping_status":"closed","template":"","meta":{"footnotes":""},"class_list":["post-8601","page","type-page","status-publish","hentry"],"_links":{"self":[{"href":"https:\/\/eleforce.uk\/es\/wp-json\/wp\/v2\/pages\/8601","targetHints":{"allow":["GET"]}}],"collection":[{"href":"https:\/\/eleforce.uk\/es\/wp-json\/wp\/v2\/pages"}],"about":[{"href":"https:\/\/eleforce.uk\/es\/wp-json\/wp\/v2\/types\/page"}],"author":[{"embeddable":true,"href":"https:\/\/eleforce.uk\/es\/wp-json\/wp\/v2\/users\/5"}],"replies":[{"embeddable":true,"href":"https:\/\/eleforce.uk\/es\/wp-json\/wp\/v2\/comments?post=8601"}],"version-history":[{"count":5,"href":"https:\/\/eleforce.uk\/es\/wp-json\/wp\/v2\/pages\/8601\/revisions"}],"predecessor-version":[{"id":14106,"href":"https:\/\/eleforce.uk\/es\/wp-json\/wp\/v2\/pages\/8601\/revisions\/14106"}],"wp:attachment":[{"href":"https:\/\/eleforce.uk\/es\/wp-json\/wp\/v2\/media?parent=8601"}],"curies":[{"name":"wp","href":"https:\/\/api.w.org\/{rel}","templated":true}]}}