{"id":13314,"date":"2023-02-13T13:40:35","date_gmt":"2023-02-13T13:40:35","guid":{"rendered":"https:\/\/eleforce.uk\/\/?post_type=product&#038;p=13314"},"modified":"2026-03-09T10:52:03","modified_gmt":"2026-03-09T10:52:03","slug":"eleforce-30-versione-30-40-50","status":"publish","type":"product","link":"https:\/\/eleforce.uk\/es\/producto\/eleforce-30-versione-30-40-50\/","title":{"rendered":"Gearless eleforce 30 versione .30 &#8211;  .40 &#8211;  .50"},"content":{"rendered":"<div data-elementor-type=\"wp-post\" data-elementor-id=\"13314\" class=\"elementor elementor-13314\" data-elementor-post-type=\"product\">\n\t\t\t\t\t\t<section class=\"wd-negative-gap elementor-section elementor-top-section elementor-element elementor-element-ef7ac7f elementor-section-boxed elementor-section-height-default elementor-section-height-default\" data-id=\"ef7ac7f\" data-element_type=\"section\" data-e-type=\"section\">\n\t\t\t\t\t\t<div class=\"elementor-container elementor-column-gap-default\">\n\t\t\t\t\t<div class=\"elementor-column elementor-col-33 elementor-top-column elementor-element elementor-element-1cedad0\" data-id=\"1cedad0\" data-element_type=\"column\" data-e-type=\"column\">\n\t\t\t<div class=\"elementor-widget-wrap elementor-element-populated\">\n\t\t\t\t\t\t<div class=\"elementor-element elementor-element-2b0931d wd-width-100 elementor-widget elementor-widget-wd_title\" data-id=\"2b0931d\" data-element_type=\"widget\" data-e-type=\"widget\" data-widget_type=\"wd_title.default\">\n\t\t\t\t<div class=\"elementor-widget-container\">\n\t\t\t\t\t\t\t<div class=\"title-wrapper wd-set-mb reset-last-child wd-title-color-default wd-title-style-default wd-title-size-default text-left\">\n\n\t\t\t\n\t\t\t<div class=\"liner-continer\">\n\t\t\t\t<h4 class=\"woodmart-title-container title wd-fontsize-l\">RENDIMIENTO Y F\u00c1CIL INSTALACI\u00d3N<\/h4> \n\t\t\t\t\t\t\t<\/div>\n\n\t\t\t\t\t\t\t<div class=\"title-after_title reset-last-child wd-fontsize-xs\">\n\t\t\t\t\t<p><span style=\"font-size: 16px;background-color: var(--wd-main-bgcolor);color: var(--wd-text-color)\">M\u00e1quinas sin engranajes <strong>eleforce<\/strong> <b>30 versione .30 - .40 - .50<\/b> se han dise\u00f1ado con el objetivo de lograr la mayor <\/span><span style=\"font-size: 16px;background-color: var(--wd-main-bgcolor);color: var(--wd-text-color)\">equilibrio entre rendimiento, calidad y rentabilidad del producto acabado.<\/span><\/p><p>Con s\u00f3lo 320 mm de di\u00e1metro exterior, las unidades de tracci\u00f3n\u00a0<span style=\"font-size: 16px;background-color: var(--wd-main-bgcolor);color: var(--wd-text-color)\"><strong> eleforce<\/strong> <b>\u00a030 versione .30 - .40 - .50<\/b> tienen dimensiones <\/span><span style=\"font-size: 16px;background-color: var(--wd-main-bgcolor);color: var(--wd-text-color)\">m\u00e1s similares a las m\u00e1quinas con capacidades mucho menores, pero definitivamente no son comunes para capacidades de hasta<\/span><span style=\"font-size: 16px;background-color: var(--wd-main-bgcolor);color: var(--wd-text-color)\"> a 2.000 kilos.<\/span><\/p>\t\t\t\t<\/div>\n\t\t\t\t\t<\/div>\n\t\t\t\t\t\t<\/div>\n\t\t\t\t<\/div>\n\t\t\t\t\t<\/div>\n\t\t<\/div>\n\t\t\t\t<div class=\"elementor-column elementor-col-33 elementor-top-column elementor-element elementor-element-4a229ff\" data-id=\"4a229ff\" data-element_type=\"column\" data-e-type=\"column\">\n\t\t\t<div class=\"elementor-widget-wrap elementor-element-populated\">\n\t\t\t\t\t\t<div class=\"elementor-element elementor-element-2549bdb wd-width-100 elementor-widget elementor-widget-wd_title\" data-id=\"2549bdb\" data-element_type=\"widget\" data-e-type=\"widget\" data-widget_type=\"wd_title.default\">\n\t\t\t\t<div class=\"elementor-widget-container\">\n\t\t\t\t\t\t\t<div class=\"title-wrapper wd-set-mb reset-last-child wd-title-color-default wd-title-style-default wd-title-size-default text-left\">\n\n\t\t\t\n\t\t\t<div class=\"liner-continer\">\n\t\t\t\t<h4 class=\"woodmart-title-container title wd-fontsize-l\">detalles que marcan la diferencia<\/h4> \n\t\t\t\t\t\t\t<\/div>\n\n\t\t\t\t\t\t\t<div class=\"title-after_title reset-last-child wd-fontsize-xs\">\n\t\t\t\t\t<p><span style=\"font-size: 16px;background-color: var(--wd-main-bgcolor);color: var(--wd-text-color)\">Los imanes de los cabrestantes sin engranajes <strong>eleforce <\/strong><\/span><b>30 versione .30 - .40 - .50<\/b><span style=\"font-size: 16px;background-color: var(--wd-main-bgcolor);color: var(--wd-text-color)\"> ofrecen las mejores caracter\u00edsticas de fiabilidad <\/span><span style=\"font-size: 16px;background-color: var(--wd-main-bgcolor);color: var(--wd-text-color)\">con el paso del tiempo, as\u00ed como un mejor rendimiento a altas temperaturas. Su montaje, realizado <\/span><span style=\"font-size: 16px;background-color: var(--wd-main-bgcolor);color: var(--wd-text-color)\">mediante acoplamiento mec\u00e1nico y adhesivos especiales, garantiza que nunca puedan desprenderse <\/span><span style=\"font-size: 16px;background-color: var(--wd-main-bgcolor);color: var(--wd-text-color)\">del rotor en todas las condiciones.<\/span><\/p><p>El dise\u00f1o del <b>Motor de 32 polos<\/b> garantiza la ausencia de vibraciones, la mejor fluidez de <span style=\"font-size: 16px;background-color: var(--wd-main-bgcolor);color: var(--wd-text-color)\">funcionamiento y el desarrollo m\u00e1s fluido de la pareja.<\/span><\/p><p>La carcasa de hierro fundido con aletas extensivas produce unas caracter\u00edsticas de disipaci\u00f3n \u00f3ptimas <span style=\"font-size: 16px;background-color: var(--wd-main-bgcolor);color: var(--wd-text-color)\">calor natural y debido a la mayor carga est\u00e1tica y a la falta de tirantes, sujeta a posibles <\/span><span style=\"font-size: 16px;background-color: var(--wd-main-bgcolor);color: var(--wd-text-color)\">l\u00edmite el\u00e1stico, garantiza la m\u00e1xima rigidez al conjunto de la unidad de tracci\u00f3n <strong>eleforce<\/strong> <b>30 versione .30 - .40 - .50.<\/b><\/span><\/p>\t\t\t\t<\/div>\n\t\t\t\t\t<\/div>\n\t\t\t\t\t\t<\/div>\n\t\t\t\t<\/div>\n\t\t\t\t\t<\/div>\n\t\t<\/div>\n\t\t\t\t<div class=\"elementor-column elementor-col-33 elementor-top-column elementor-element elementor-element-b4f697d\" data-id=\"b4f697d\" data-element_type=\"column\" data-e-type=\"column\">\n\t\t\t<div class=\"elementor-widget-wrap elementor-element-populated\">\n\t\t\t\t\t\t<div class=\"elementor-element elementor-element-c046a92 wd-width-100 elementor-widget elementor-widget-wd_title\" data-id=\"c046a92\" data-element_type=\"widget\" data-e-type=\"widget\" data-widget_type=\"wd_title.default\">\n\t\t\t\t<div class=\"elementor-widget-container\">\n\t\t\t\t\t\t\t<div class=\"title-wrapper wd-set-mb reset-last-child wd-title-color-default wd-title-style-default wd-title-size-default text-left\">\n\n\t\t\t\n\t\t\t<div class=\"liner-continer\">\n\t\t\t\t<h4 class=\"woodmart-title-container title wd-fontsize-l\"><p><\/p>Software de configuraci\u00f3n t\u00e9cnica<\/h4> \n\t\t\t\t\t\t\t<\/div>\n\n\t\t\t\t\t\t\t<div class=\"title-after_title reset-last-child wd-fontsize-xs\">\n\t\t\t\t\t<p><span style=\"font-size: 16px;background-color: var(--wd-main-bgcolor);color: var(--wd-text-color)\">I clienti eleforce possono avvalersi del software \"eleforce Configuration Wizard\" che consente di caricare i dati del sistema ascensore per fornire una selezione delle macchine gearless eleforce \u00a0pi\u00f9 idonee. Inoltre, l'eleforce \"Configuration Wizard\" fornisce il confronto tra i dati di targa della macchina e i valori effettivi forniti nel sistema ascensore, cos\u00ec come fornisce i calcoli relativi alla sicurezza e alla trazione delle funi, la scelta dell'inverter, lo spazio per la frenata di emergenza e i costi operativi per l'elettricit\u00e0 e la classe di efficienza<\/span><\/p>\t\t\t\t<\/div>\n\t\t\t\t\t<\/div>\n\t\t\t\t\t\t<\/div>\n\t\t\t\t<\/div>\n\t\t\t\t\t<\/div>\n\t\t<\/div>\n\t\t\t\t\t<\/div>\n\t\t<\/section>\n\t\t\t\t<\/div>","protected":false},"excerpt":{"rendered":"<h4>La m\u00e1quina elevadora sin engranajes ITG 30 versi\u00f3n .30 - .40 - .50,<\/h4>\n<p>representa el desarrollo natural de la gama para capacidades de carga superiores a los modelos anteriores, ya que est\u00e1 dise\u00f1ado para cargas \u00fatiles variables entre <strong>1.600 y 2.000 kg<\/strong>, en <strong>toma 2: 1<\/strong>adem\u00e1s de las distintas variantes dise\u00f1adas para <strong>suspensi\u00f3n 1: 1<\/strong><\/p>","protected":false},"featured_media":13316,"template":"","meta":[],"product_brand":[96],"product_cat":[31],"product_tag":[99],"class_list":{"0":"post-13314","1":"product","2":"type-product","3":"status-publish","4":"has-post-thumbnail","6":"product_brand-gearless-eleforce","7":"product_cat-gearless-per-ascensore","8":"product_tag-eleforce-30-versione-30-40-50","10":"first","11":"instock","12":"taxable","13":"shipping-taxable","14":"product-type-simple"},"_links":{"self":[{"href":"https:\/\/eleforce.uk\/es\/wp-json\/wp\/v2\/product\/13314","targetHints":{"allow":["GET"]}}],"collection":[{"href":"https:\/\/eleforce.uk\/es\/wp-json\/wp\/v2\/product"}],"about":[{"href":"https:\/\/eleforce.uk\/es\/wp-json\/wp\/v2\/types\/product"}],"version-history":[{"count":28,"href":"https:\/\/eleforce.uk\/es\/wp-json\/wp\/v2\/product\/13314\/revisions"}],"predecessor-version":[{"id":14393,"href":"https:\/\/eleforce.uk\/es\/wp-json\/wp\/v2\/product\/13314\/revisions\/14393"}],"wp:featuredmedia":[{"embeddable":true,"href":"https:\/\/eleforce.uk\/es\/wp-json\/wp\/v2\/media\/13316"}],"wp:attachment":[{"href":"https:\/\/eleforce.uk\/es\/wp-json\/wp\/v2\/media?parent=13314"}],"wp:term":[{"taxonomy":"product_brand","embeddable":true,"href":"https:\/\/eleforce.uk\/es\/wp-json\/wp\/v2\/product_brand?post=13314"},{"taxonomy":"product_cat","embeddable":true,"href":"https:\/\/eleforce.uk\/es\/wp-json\/wp\/v2\/product_cat?post=13314"},{"taxonomy":"product_tag","embeddable":true,"href":"https:\/\/eleforce.uk\/es\/wp-json\/wp\/v2\/product_tag?post=13314"}],"curies":[{"name":"wp","href":"https:\/\/api.w.org\/{rel}","templated":true}]}}