{"id":8601,"date":"2022-09-12T16:53:43","date_gmt":"2022-09-12T16:53:43","guid":{"rendered":"https:\/\/eleforce.uk\/\/?page_id=8601"},"modified":"2026-02-22T13:48:33","modified_gmt":"2026-02-22T13:48:33","slug":"cookie-policy","status":"publish","type":"page","link":"https:\/\/eleforce.uk\/fr\/cookie-policy\/","title":{"rendered":"Politique en mati\u00e8re de cookies"},"content":{"rendered":"<div data-elementor-type=\"wp-page\" data-elementor-id=\"8601\" class=\"elementor elementor-8601\" data-elementor-post-type=\"page\">\n\t\t\t\t<div class=\"wd-negative-gap elementor-element elementor-element-6bdfe9b7 e-flex e-con-boxed e-con e-parent\" data-id=\"6bdfe9b7\" data-element_type=\"container\" data-e-type=\"container\">\n\t\t\t\t\t<div class=\"e-con-inner\">\n\t\t\t\t<div class=\"elementor-element elementor-element-59f494b color-scheme-inherit text-left elementor-widget elementor-widget-text-editor\" data-id=\"59f494b\" data-element_type=\"widget\" data-e-type=\"widget\" data-widget_type=\"text-editor.default\">\n\t\t\t\t\t\t\t\t\t\n<p id=\"u43128-7\">Politique en mati\u00e8re de cookies<\/p>\n\n<p id=\"u43128-8\">\u00a0<\/p>\n\n<p id=\"u43128-10\">Questa politica dei cookie (&#8220;Policy&#8221;) descrive quali cookie sono presnti e come l&#8217;operatore del sito web\u00a0 (&#8220;Operatore del sito&#8221;, &#8220;noi&#8221;, &#8220;noi&#8221; o &#8220;il nostro&#8221;) li utilizza sul sito web top-gears.eu e uno qualsiasi dei suoi prodotti o servizi (collettivamente, &#8220;Sito&#8221; o &#8220;Servizi&#8221;).<\/p>\n\n<p id=\"u43128-11\">\u00a0<\/p>\n\n<p id=\"u43128-13\">Nous vous recommandons de lire cette politique afin de comprendre le type de cookies que nous utilisons, les informations que nous recueillons \u00e0 l'aide des cookies et la mani\u00e8re dont ces informations sont utilis\u00e9es. Elle d\u00e9crit \u00e9galement les choix dont vous disposez pour accepter ou refuser l'utilisation des cookies. Pour plus d'informations sur la mani\u00e8re dont nous utilisons, stockons et s\u00e9curisons vos informations personnelles, veuillez consulter notre politique de confidentialit\u00e9.<\/p>\n\n<p id=\"u43128-14\">\u00a0<\/p>\n\n<p id=\"u43128-16\">Que sont les cookies ?<\/p>\n\n<p id=\"u43128-17\">\u00a0<\/p>\n\n<p id=\"u43128-19\">Les cookies sont de petits \u00e9l\u00e9ments de donn\u00e9es stock\u00e9s dans des fichiers texte qui sont enregistr\u00e9s sur votre ordinateur ou autre appareil lorsque des sites web sont charg\u00e9s dans un navigateur. Ils sont largement utilis\u00e9s pour se souvenir de vous et de vos pr\u00e9f\u00e9rences, soit pour une seule visite (en utilisant un \"cookie de session\"), soit pour plusieurs visites r\u00e9p\u00e9t\u00e9es (en utilisant un \"cookie persistant\").<\/p>\n\n<p id=\"u43128-20\">\u00a0<\/p>\n\n<p id=\"u43128-22\">Les cookies de session sont des cookies temporaires qui sont utilis\u00e9s pendant votre visite sur le site et qui expirent lorsque vous fermez votre navigateur web.<\/p>\n\n<p id=\"u43128-23\">\u00a0<\/p>\n\n<p id=\"u43128-25\">Les cookies persistants sont utilis\u00e9s pour m\u00e9moriser les pr\u00e9f\u00e9rences sur notre site et restent sur votre ordinateur de bureau ou votre appareil mobile m\u00eame apr\u00e8s la fermeture de votre navigateur ou le red\u00e9marrage de votre ordinateur. Ils garantissent une exp\u00e9rience coh\u00e9rente et efficace lors de la visite de notre site web ou de l'utilisation de nos services.<\/p>\n\n<p id=\"u43128-26\">\u00a0<\/p>\n\n<p id=\"u43128-28\">Les cookies peuvent \u00eatre d\u00e9finis par le site (\"cookies de premi\u00e8re partie\"), ou par des tiers, tels que ceux qui servent le contenu ou fournissent des services de publicit\u00e9 ou d'analyse sur le site (\"cookies de tiers\"). Ces tiers peuvent vous reconna\u00eetre lorsque vous visitez notre site et \u00e9galement lorsque vous visitez certains autres sites web.<\/p>\n\n<p id=\"u43128-29\">\u00a0<\/p>\n\n<p id=\"u43128-31\">Quels types de cookies utilisons-nous ?<\/p>\n\n<p id=\"u43128-32\">\u00a0<\/p>\n\n<p id=\"u43128-34\">- Cookies n\u00e9cessaires<\/p>\n\n<p id=\"u43128-35\">\u00a0<\/p>\n\n<p id=\"u43128-37\">Les cookies n\u00e9cessaires nous permettent de vous offrir la meilleure exp\u00e9rience possible lorsque vous acc\u00e9dez \u00e0 notre Site et naviguez sur celui-ci et utilisez ses fonctionnalit\u00e9s. Par exemple, ces cookies nous permettent de reconna\u00eetre que vous avez cr\u00e9\u00e9 un compte et que vous vous \u00eates connect\u00e9 \u00e0 ce compte pour acc\u00e9der au contenu.<\/p>\n\n<p id=\"u43128-38\">\u00a0<\/p>\n\n<p id=\"u43128-40\">- Cookies de fonctionnalit\u00e9<\/p>\n\n<p id=\"u43128-41\">\u00a0<\/p>\n\n<p id=\"u43128-43\">Les cookies de fonctionnalit\u00e9 nous permettent de g\u00e9rer le site Web et nos services en fonction des choix que vous faites. Par exemple, nous reconna\u00eetrons votre nom d'utilisateur et nous nous souviendrons de la fa\u00e7on dont vous avez personnalis\u00e9 le site web et les services lors de vos prochaines visites.<\/p>\n\n<p id=\"u43128-44\">\u00a0<\/p>\n\n<p id=\"u43128-46\">Quelles sont les options pour les cookies ?<\/p>\n\n<p id=\"u43128-47\">\u00a0<\/p>\n\n<p id=\"u43128-49\">Si vous n'aimez pas l'id\u00e9e des cookies ou de certains types de cookies, vous pouvez modifier les param\u00e8tres de votre navigateur pour supprimer les cookies qui ont d\u00e9j\u00e0 \u00e9t\u00e9 d\u00e9finis et ne pas accepter de nouveaux cookies. Pour savoir comment proc\u00e9der ou pour en savoir plus sur les cookies, consultez le site internetcookies.org.<\/p>\n\n<p id=\"u43128-50\">\u00a0<\/p>\n\n<p id=\"u43128-52\">Modifications et amendements<\/p>\n\n<p id=\"u43128-53\">\u00a0<\/p>\n\n<p id=\"u43128-55\">Nous nous r\u00e9servons le droit de modifier la politique du site ou des services \u00e0 tout moment, avec effet d\u00e8s la publication d'une version actualis\u00e9e de cette politique sur le site. Lorsque nous le ferons, nous r\u00e9viserons la date de mise \u00e0 jour au bas de cette page. Si vous continuez \u00e0 utiliser le Site apr\u00e8s de telles modifications, cela signifie que vous consentez \u00e0 ces modifications.<\/p>\n\n<p id=\"u43128-56\">\u00a0<\/p>\n\n<p id=\"u43128-58\">Acceptation de la pr\u00e9sente politique<\/p>\n\n<p id=\"u43128-59\">\u00a0<\/p>\n\n<p id=\"u43128-61\">Vous reconnaissez avoir lu la pr\u00e9sente Politique et en accepter tous les termes et conditions. En utilisant le Site ou ses Services, vous acceptez d'\u00eatre li\u00e9 par la pr\u00e9sente Politique. Si vous n'acceptez pas de vous conformer aux conditions de la pr\u00e9sente politique, vous n'\u00eates pas autoris\u00e9 \u00e0 utiliser le site et ses services ni \u00e0 y acc\u00e9der.<\/p>\n\n<p id=\"u43128-62\">\u00a0<\/p>\n\n<p id=\"u43128-64\">Per metterti in contatto con noi<\/p>\n\n<p id=\"u43128-65\">\u00a0<\/p>\n\n<p id=\"u43128-67\">Si vous souhaitez en savoir plus sur cette politique ou nous contacter pour toute question concernant notre utilisation des cookies, vous pouvez le faire via le formulaire de contact ou envoyer un e-mail \u00e0 <a href=\"mailto:info@eleforce.uk\">info@eleforce.uk<\/a>.<\/p>\n\n<p id=\"u43128-68\">\u00a0<\/p>\n\n<p id=\"u43128-70\">Questo documento \u00e8 stato aggiornato l&#8217;ultima volta il 22 Febbraio 2026<\/p>\n\t\t\t\t\t\t\t\t<\/div>\n\t\t\t\t\t<\/div>\n\t\t\t\t<\/div>\n\t\t\t\t<\/div>","protected":false},"excerpt":{"rendered":"<p>Politica dei Cookie \u00a0 Questa politica dei cookie (&#8220;Policy&#8221;) descrive quali cookie sono presnti e come l&#8217;operatore del sito web\u00a0<\/p>","protected":false},"author":5,"featured_media":0,"parent":0,"menu_order":0,"comment_status":"closed","ping_status":"closed","template":"","meta":{"footnotes":""},"class_list":["post-8601","page","type-page","status-publish","hentry"],"_links":{"self":[{"href":"https:\/\/eleforce.uk\/fr\/wp-json\/wp\/v2\/pages\/8601","targetHints":{"allow":["GET"]}}],"collection":[{"href":"https:\/\/eleforce.uk\/fr\/wp-json\/wp\/v2\/pages"}],"about":[{"href":"https:\/\/eleforce.uk\/fr\/wp-json\/wp\/v2\/types\/page"}],"author":[{"embeddable":true,"href":"https:\/\/eleforce.uk\/fr\/wp-json\/wp\/v2\/users\/5"}],"replies":[{"embeddable":true,"href":"https:\/\/eleforce.uk\/fr\/wp-json\/wp\/v2\/comments?post=8601"}],"version-history":[{"count":5,"href":"https:\/\/eleforce.uk\/fr\/wp-json\/wp\/v2\/pages\/8601\/revisions"}],"predecessor-version":[{"id":14106,"href":"https:\/\/eleforce.uk\/fr\/wp-json\/wp\/v2\/pages\/8601\/revisions\/14106"}],"wp:attachment":[{"href":"https:\/\/eleforce.uk\/fr\/wp-json\/wp\/v2\/media?parent=8601"}],"curies":[{"name":"wp","href":"https:\/\/api.w.org\/{rel}","templated":true}]}}