{"id":12719,"date":"2023-02-12T09:43:03","date_gmt":"2023-02-12T09:43:03","guid":{"rendered":"https:\/\/eleforce.uk\/\/?post_type=product&#038;p=12719"},"modified":"2026-03-09T11:05:01","modified_gmt":"2026-03-09T11:05:01","slug":"argano-eleforce-115","status":"publish","type":"product","link":"https:\/\/eleforce.uk\/fr\/produit\/argano-eleforce-115\/","title":{"rendered":"Argano eleforce 115"},"content":{"rendered":"<div data-elementor-type=\"wp-post\" data-elementor-id=\"12719\" class=\"elementor elementor-12719\" data-elementor-post-type=\"product\">\n\t\t\t\t\t\t<section class=\"wd-negative-gap elementor-section elementor-top-section elementor-element elementor-element-ef7ac7f elementor-section-boxed elementor-section-height-default elementor-section-height-default\" data-id=\"ef7ac7f\" data-element_type=\"section\" data-e-type=\"section\">\n\t\t\t\t\t\t<div class=\"elementor-container elementor-column-gap-default\">\n\t\t\t\t\t<div class=\"elementor-column elementor-col-33 elementor-top-column elementor-element elementor-element-1cedad0\" data-id=\"1cedad0\" data-element_type=\"column\" data-e-type=\"column\">\n\t\t\t<div class=\"elementor-widget-wrap elementor-element-populated\">\n\t\t\t\t\t\t<div class=\"elementor-element elementor-element-2b0931d wd-width-100 elementor-widget elementor-widget-wd_title\" data-id=\"2b0931d\" data-element_type=\"widget\" data-e-type=\"widget\" data-widget_type=\"wd_title.default\">\n\t\t\t\t<div class=\"elementor-widget-container\">\n\t\t\t\t\t\t\t<div class=\"title-wrapper wd-set-mb reset-last-child wd-title-color-default wd-title-style-default wd-title-size-default text-left\">\n\n\t\t\t\n\t\t\t<div class=\"liner-continer\">\n\t\t\t\t<h4 class=\"woodmart-title-container title wd-fontsize-l\">UNE FLEXIBILIT\u00c9 ABSOLUE<\/h4> \n\t\t\t\t\t\t\t<\/div>\n\n\t\t\t\t\t\t\t<div class=\"title-after_title reset-last-child wd-fontsize-xs\">\n\t\t\t\t\t<p>Il riduttore per ascensore eleforce<span>\u00a0115 pu\u00f2 essere installato in posizione verticale e orizzontale, adattandosi perfettamente alle esigenze di ogni impianto ascensore.<\/span><\/p><p>\u00a0<\/p>\t\t\t\t<\/div>\n\t\t\t\t\t<\/div>\n\t\t\t\t\t\t<\/div>\n\t\t\t\t<\/div>\n\t\t\t\t\t<\/div>\n\t\t<\/div>\n\t\t\t\t<div class=\"elementor-column elementor-col-33 elementor-top-column elementor-element elementor-element-4a229ff\" data-id=\"4a229ff\" data-element_type=\"column\" data-e-type=\"column\">\n\t\t\t<div class=\"elementor-widget-wrap elementor-element-populated\">\n\t\t\t\t\t\t<div class=\"elementor-element elementor-element-2549bdb wd-width-100 elementor-widget elementor-widget-wd_title\" data-id=\"2549bdb\" data-element_type=\"widget\" data-e-type=\"widget\" data-widget_type=\"wd_title.default\">\n\t\t\t\t<div class=\"elementor-widget-container\">\n\t\t\t\t\t\t\t<div class=\"title-wrapper wd-set-mb reset-last-child wd-title-color-default wd-title-style-default wd-title-size-default text-left\">\n\n\t\t\t\n\t\t\t<div class=\"liner-continer\">\n\t\t\t\t<h4 class=\"woodmart-title-container title wd-fontsize-l\">ADAPTABLE \u00c0 TOUT SYST\u00c8ME DE LEVAGE<\/h4> \n\t\t\t\t\t\t\t<\/div>\n\n\t\t\t\t\t\t\t<div class=\"title-after_title reset-last-child wd-fontsize-xs\">\n\t\t\t\t\t<p>Le macchine per ascensore eleforce 115 dispongono all'albero lento biconico che consente di installare la puleggia sul lato sinistro e destro, in funzione delle esigenze dello specifico impianto ascensore.\u00a0<\/p><p>L'arbre biconique permet d'installer le SSB (Slow Shaft Brake) du c\u00f4t\u00e9 oppos\u00e9 \u00e0 la poulie de traction.<\/p><p>\u00a0<\/p>\t\t\t\t<\/div>\n\t\t\t\t\t<\/div>\n\t\t\t\t\t\t<\/div>\n\t\t\t\t<\/div>\n\t\t\t\t\t<\/div>\n\t\t<\/div>\n\t\t\t\t<div class=\"elementor-column elementor-col-33 elementor-top-column elementor-element elementor-element-b4f697d\" data-id=\"b4f697d\" data-element_type=\"column\" data-e-type=\"column\">\n\t\t\t<div class=\"elementor-widget-wrap elementor-element-populated\">\n\t\t\t\t\t\t<div class=\"elementor-element elementor-element-c046a92 wd-width-100 elementor-widget elementor-widget-wd_title\" data-id=\"c046a92\" data-element_type=\"widget\" data-e-type=\"widget\" data-widget_type=\"wd_title.default\">\n\t\t\t\t<div class=\"elementor-widget-container\">\n\t\t\t\t\t\t\t<div class=\"title-wrapper wd-set-mb reset-last-child wd-title-color-default wd-title-style-default wd-title-size-default text-left\">\n\n\t\t\t\n\t\t\t<div class=\"liner-continer\">\n\t\t\t\t<h4 class=\"woodmart-title-container title wd-fontsize-l\">INSTALLABLE DANS TOUTES LES CONDITIONS<\/h4> \n\t\t\t\t\t\t\t<\/div>\n\n\t\t\t\t\t\t\t<div class=\"title-after_title reset-last-child wd-fontsize-xs\">\n\t\t\t\t\t<p>L'argano per ascensore eleforce<span> 115 pu\u00f2 essere facilmente scomposto in tre parti per agevolarne il trasporto in sala macchine.<\/span><\/p><p>Cos\u00ec come pu\u00f2 essere facilmente smontato, l'eleforce\u00a0115 pu\u00f2 essere altrettanto facilmente montato senza ricorrere ad attrezzi speciali, senza perdere i riferimenti di fabbrica per il suo perfetto bilanciamento e l'assenza di vibrazioni.<\/p>\t\t\t\t<\/div>\n\t\t\t\t\t<\/div>\n\t\t\t\t\t\t<\/div>\n\t\t\t\t<\/div>\n\t\t\t\t\t<\/div>\n\t\t<\/div>\n\t\t\t\t\t<\/div>\n\t\t<\/section>\n\t\t\t\t<\/div>","protected":false},"excerpt":{"rendered":"<p id=\"u40075-2\">Treuil de levage <strong>eleforce\u00a0115<\/strong>la solution simple et intelligente Le treuil de levage <strong>eleforce 115<\/strong> est un \u00e9quilibre parfait entre qualit\u00e9, robustesse et \u00e9conomie. Con\u00e7u pour des applications jusqu'\u00e0 8 passagers en s<strong>accueil 1:1<\/strong>, l&#8217;<strong>eleforce<\/strong> 115 offre una variet\u00e0 di soluzioni per motori, pulegge di trazione e <strong>les ratios de r\u00e9duction<\/strong>permettant de r\u00e9pondre \u00e0 tous les besoins et toujours dans les dimensions particuli\u00e8rement r\u00e9duites de la machine<\/p>","protected":false},"featured_media":12724,"template":"elementor_theme","meta":[],"product_brand":[94],"product_cat":[23],"product_tag":[95],"class_list":{"0":"post-12719","1":"product","2":"type-product","3":"status-publish","4":"has-post-thumbnail","6":"product_brand-argano-elettromeccanico-eleforce","7":"product_cat-argani-per-ascensore","8":"product_tag-eleforce-115","10":"first","11":"instock","12":"taxable","13":"shipping-taxable","14":"product-type-simple"},"_links":{"self":[{"href":"https:\/\/eleforce.uk\/fr\/wp-json\/wp\/v2\/product\/12719","targetHints":{"allow":["GET"]}}],"collection":[{"href":"https:\/\/eleforce.uk\/fr\/wp-json\/wp\/v2\/product"}],"about":[{"href":"https:\/\/eleforce.uk\/fr\/wp-json\/wp\/v2\/types\/product"}],"version-history":[{"count":25,"href":"https:\/\/eleforce.uk\/fr\/wp-json\/wp\/v2\/product\/12719\/revisions"}],"predecessor-version":[{"id":14385,"href":"https:\/\/eleforce.uk\/fr\/wp-json\/wp\/v2\/product\/12719\/revisions\/14385"}],"wp:featuredmedia":[{"embeddable":true,"href":"https:\/\/eleforce.uk\/fr\/wp-json\/wp\/v2\/media\/12724"}],"wp:attachment":[{"href":"https:\/\/eleforce.uk\/fr\/wp-json\/wp\/v2\/media?parent=12719"}],"wp:term":[{"taxonomy":"product_brand","embeddable":true,"href":"https:\/\/eleforce.uk\/fr\/wp-json\/wp\/v2\/product_brand?post=12719"},{"taxonomy":"product_cat","embeddable":true,"href":"https:\/\/eleforce.uk\/fr\/wp-json\/wp\/v2\/product_cat?post=12719"},{"taxonomy":"product_tag","embeddable":true,"href":"https:\/\/eleforce.uk\/fr\/wp-json\/wp\/v2\/product_tag?post=12719"}],"curies":[{"name":"wp","href":"https:\/\/api.w.org\/{rel}","templated":true}]}}