{"id":12935,"date":"2023-02-13T10:21:03","date_gmt":"2023-02-13T10:21:03","guid":{"rendered":"https:\/\/eleforce.uk\/\/?post_type=product&#038;p=12935"},"modified":"2026-03-07T13:23:22","modified_gmt":"2026-03-07T13:23:22","slug":"argano-eleforce-127","status":"publish","type":"product","link":"https:\/\/eleforce.uk\/fr\/produit\/argano-eleforce-127\/","title":{"rendered":"Argano eleforce 127"},"content":{"rendered":"<div data-elementor-type=\"wp-post\" data-elementor-id=\"12935\" class=\"elementor elementor-12935\" data-elementor-post-type=\"product\">\n\t\t\t\t\t\t<section class=\"wd-negative-gap elementor-section elementor-top-section elementor-element elementor-element-ef7ac7f elementor-section-boxed elementor-section-height-default elementor-section-height-default\" data-id=\"ef7ac7f\" data-element_type=\"section\" data-e-type=\"section\">\n\t\t\t\t\t\t<div class=\"elementor-container elementor-column-gap-default\">\n\t\t\t\t\t<div class=\"elementor-column elementor-col-33 elementor-top-column elementor-element elementor-element-1cedad0\" data-id=\"1cedad0\" data-element_type=\"column\" data-e-type=\"column\">\n\t\t\t<div class=\"elementor-widget-wrap elementor-element-populated\">\n\t\t\t\t\t\t<div class=\"elementor-element elementor-element-2b0931d wd-width-100 elementor-widget elementor-widget-wd_title\" data-id=\"2b0931d\" data-element_type=\"widget\" data-e-type=\"widget\" data-widget_type=\"wd_title.default\">\n\t\t\t\t<div class=\"elementor-widget-container\">\n\t\t\t\t\t\t\t<div class=\"title-wrapper wd-set-mb reset-last-child wd-title-color-default wd-title-style-default wd-title-size-default text-left\">\n\n\t\t\t\n\t\t\t<div class=\"liner-continer\">\n\t\t\t\t<h4 class=\"woodmart-title-container title wd-fontsize-l\">LA FACILIT\u00c9 D'UTILISATION AU PLUS HAUT NIVEAU<\/h4> \n\t\t\t\t\t\t\t<\/div>\n\n\t\t\t\t\t\t\t<div class=\"title-after_title reset-last-child wd-fontsize-xs\">\n\t\t\t\t\t<p><span style=\"background-color: var(--wd-main-bgcolor)\"><span style=\"color: var(--wd-text-color)\">La bo\u00eete de vitesses de l'ascenseur <strong>eleforce 127<\/strong> \u00e8 <\/span>installable <span style=\"color: var(--wd-text-color)\">en position verticale ou horizontale, s'adaptant ainsi parfaitement aux exigences de chaque installation d'ascenseur, ainsi qu'aux installations MRL sans salle des machines.<\/span><\/span><\/p>\t\t\t\t<\/div>\n\t\t\t\t\t<\/div>\n\t\t\t\t\t\t<\/div>\n\t\t\t\t<\/div>\n\t\t\t\t\t<\/div>\n\t\t<\/div>\n\t\t\t\t<div class=\"elementor-column elementor-col-33 elementor-top-column elementor-element elementor-element-4a229ff\" data-id=\"4a229ff\" data-element_type=\"column\" data-e-type=\"column\">\n\t\t\t<div class=\"elementor-widget-wrap elementor-element-populated\">\n\t\t\t\t\t\t<div class=\"elementor-element elementor-element-2549bdb wd-width-100 elementor-widget elementor-widget-wd_title\" data-id=\"2549bdb\" data-element_type=\"widget\" data-e-type=\"widget\" data-widget_type=\"wd_title.default\">\n\t\t\t\t<div class=\"elementor-widget-container\">\n\t\t\t\t\t\t\t<div class=\"title-wrapper wd-set-mb reset-last-child wd-title-color-default wd-title-style-default wd-title-size-default text-left\">\n\n\t\t\t\n\t\t\t<div class=\"liner-continer\">\n\t\t\t\t<h4 class=\"woodmart-title-container title wd-fontsize-l\">PARFAIT POUR TOUS LES SYST\u00c8MES DE LEVAGE<\/h4> \n\t\t\t\t\t\t\t<\/div>\n\n\t\t\t\t\t\t\t<div class=\"title-after_title reset-last-child wd-fontsize-xs\">\n\t\t\t\t\t<span style=\"font-size: 16px;background-color: var(--wd-main-bgcolor);color: var(--wd-text-color)\">La machine de levage <strong>eleforce<\/strong> <strong>127<\/strong> poss\u00e8de un arbre lent biconique qui permet d'installer la poulie \u00e0 gauche ou \u00e0 droite, en fonction des exigences du syst\u00e8me de levage sp\u00e9cifique.\u00a0<\/span><span style=\"font-size: 16px;background-color: var(--wd-main-bgcolor);color: var(--wd-text-color)\">\u00a0<\/span><p>L'arbre biconique permet d'installer le frein de s\u00e9curit\u00e9 <strong>SSB<\/strong> (Slow Shaft Brake) du c\u00f4t\u00e9 oppos\u00e9 \u00e0 celui o\u00f9 vous avez choisi d'installer la poulie de traction.<\/p>\t\t\t\t<\/div>\n\t\t\t\t\t<\/div>\n\t\t\t\t\t\t<\/div>\n\t\t\t\t<\/div>\n\t\t\t\t\t<\/div>\n\t\t<\/div>\n\t\t\t\t<div class=\"elementor-column elementor-col-33 elementor-top-column elementor-element elementor-element-b4f697d\" data-id=\"b4f697d\" data-element_type=\"column\" data-e-type=\"column\">\n\t\t\t<div class=\"elementor-widget-wrap elementor-element-populated\">\n\t\t\t\t\t\t<div class=\"elementor-element elementor-element-c046a92 wd-width-100 elementor-widget elementor-widget-wd_title\" data-id=\"c046a92\" data-element_type=\"widget\" data-e-type=\"widget\" data-widget_type=\"wd_title.default\">\n\t\t\t\t<div class=\"elementor-widget-container\">\n\t\t\t\t\t\t\t<div class=\"title-wrapper wd-set-mb reset-last-child wd-title-color-default wd-title-style-default wd-title-size-default text-left\">\n\n\t\t\t\n\t\t\t<div class=\"liner-continer\">\n\t\t\t\t<h4 class=\"woodmart-title-container title wd-fontsize-l\">FACILE \u00c0 TRANSPORTER DANS LA SALLE DES MACHINES<\/h4> \n\t\t\t\t\t\t\t<\/div>\n\n\t\t\t\t\t\t\t<div class=\"title-after_title reset-last-child wd-fontsize-xs\">\n\t\t\t\t\t<span style=\"font-size: 16px;background-color: var(--wd-main-bgcolor);color: var(--wd-text-color)\">Le treuil de levage <strong>eleforce\u00a0127<\/strong> peut \u00eatre facilement d\u00e9compos\u00e9 en trois parties pour faciliter son transport vers la salle des machines.<\/span><p>De m\u00eame qu'il peut \u00eatre facilement d\u00e9mont\u00e9, le<strong>eleforce 127<\/strong> peut tout aussi bien \u00eatre assembl\u00e9 sans outils sp\u00e9ciaux, sans perdre les r\u00e9f\u00e9rences d'usine pour son \u00e9quilibre parfait et l'absence de vibrations.<\/p>\t\t\t\t<\/div>\n\t\t\t\t\t<\/div>\n\t\t\t\t\t\t<\/div>\n\t\t\t\t<\/div>\n\t\t\t\t\t<\/div>\n\t\t<\/div>\n\t\t\t\t\t<\/div>\n\t\t<\/section>\n\t\t\t\t<\/div>","protected":false},"excerpt":{"rendered":"<h4 id=\"u24371-2\">eleforce 127:\u00a0 un argano per ascensore che va di fretta e fa le cose bene<\/h4>\n<p><strong>L&#8217;eleforce<\/strong><span id=\"u24371-5\"><strong>\u00a0127<\/strong> <\/span>est une unit\u00e9 de traction \u00e9l\u00e9vatrice con\u00e7ue pour les applications n\u00e9cessitant une vitesse sup\u00e9rieure \u00e0 un m\u00e8tre par seconde. <strong>L\u2019eleforce<span id=\"u24371-7\">\u00a0127 <\/span><\/strong>conserve toutes les caract\u00e9ristiques sup\u00e9rieures typiques du mod\u00e8le, auxquelles s'ajoute une flexibilit\u00e9 suppl\u00e9mentaire en termes de rapidit\u00e9 et de facilit\u00e9 d'utilisation, puisqu'il peut \u00eatre facilement install\u00e9 dans des ascenseurs avec un syst\u00e8me d'alarme. <strong>tir 1:1 ou 2:1<\/strong> et avec des vitesses comprenant <strong>de 0,6 \u00e0 2,3 m\u00e8tres par seconde<\/strong>.<\/p>","protected":false},"featured_media":12936,"template":"","meta":[],"product_brand":[94],"product_cat":[23],"product_tag":[100],"class_list":{"0":"post-12935","1":"product","2":"type-product","3":"status-publish","4":"has-post-thumbnail","6":"product_brand-argano-elettromeccanico-eleforce","7":"product_cat-argani-per-ascensore","8":"product_tag-argano-eleforce-127","10":"first","11":"instock","12":"taxable","13":"shipping-taxable","14":"product-type-simple"},"_links":{"self":[{"href":"https:\/\/eleforce.uk\/fr\/wp-json\/wp\/v2\/product\/12935","targetHints":{"allow":["GET"]}}],"collection":[{"href":"https:\/\/eleforce.uk\/fr\/wp-json\/wp\/v2\/product"}],"about":[{"href":"https:\/\/eleforce.uk\/fr\/wp-json\/wp\/v2\/types\/product"}],"version-history":[{"count":28,"href":"https:\/\/eleforce.uk\/fr\/wp-json\/wp\/v2\/product\/12935\/revisions"}],"predecessor-version":[{"id":14161,"href":"https:\/\/eleforce.uk\/fr\/wp-json\/wp\/v2\/product\/12935\/revisions\/14161"}],"wp:featuredmedia":[{"embeddable":true,"href":"https:\/\/eleforce.uk\/fr\/wp-json\/wp\/v2\/media\/12936"}],"wp:attachment":[{"href":"https:\/\/eleforce.uk\/fr\/wp-json\/wp\/v2\/media?parent=12935"}],"wp:term":[{"taxonomy":"product_brand","embeddable":true,"href":"https:\/\/eleforce.uk\/fr\/wp-json\/wp\/v2\/product_brand?post=12935"},{"taxonomy":"product_cat","embeddable":true,"href":"https:\/\/eleforce.uk\/fr\/wp-json\/wp\/v2\/product_cat?post=12935"},{"taxonomy":"product_tag","embeddable":true,"href":"https:\/\/eleforce.uk\/fr\/wp-json\/wp\/v2\/product_tag?post=12935"}],"curies":[{"name":"wp","href":"https:\/\/api.w.org\/{rel}","templated":true}]}}