{"id":13137,"date":"2023-02-13T11:38:46","date_gmt":"2023-02-13T11:38:46","guid":{"rendered":"https:\/\/eleforce.uk\/\/?post_type=product&#038;p=13137"},"modified":"2026-03-07T12:12:37","modified_gmt":"2026-03-07T12:12:37","slug":"argano-gearless-01","status":"publish","type":"product","link":"https:\/\/eleforce.uk\/fr\/produit\/argano-gearless-01\/","title":{"rendered":"Gearless  eleforce 25 <\/br>version .20 - .30"},"content":{"rendered":"<div data-elementor-type=\"wp-post\" data-elementor-id=\"13137\" class=\"elementor elementor-13137\" data-elementor-post-type=\"product\">\n\t\t\t\t\t\t<section class=\"wd-negative-gap elementor-section elementor-top-section elementor-element elementor-element-ef7ac7f elementor-section-boxed elementor-section-height-default elementor-section-height-default\" data-id=\"ef7ac7f\" data-element_type=\"section\" data-e-type=\"section\">\n\t\t\t\t\t\t<div class=\"elementor-container elementor-column-gap-default\">\n\t\t\t\t\t<div class=\"elementor-column elementor-col-33 elementor-top-column elementor-element elementor-element-1cedad0\" data-id=\"1cedad0\" data-element_type=\"column\" data-e-type=\"column\">\n\t\t\t<div class=\"elementor-widget-wrap elementor-element-populated\">\n\t\t\t\t\t\t<div class=\"elementor-element elementor-element-2b0931d wd-width-100 elementor-widget elementor-widget-wd_title\" data-id=\"2b0931d\" data-element_type=\"widget\" data-e-type=\"widget\" data-widget_type=\"wd_title.default\">\n\t\t\t\t<div class=\"elementor-widget-container\">\n\t\t\t\t\t\t\t<div class=\"title-wrapper wd-set-mb reset-last-child wd-title-color-default wd-title-style-default wd-title-size-default text-left\">\n\n\t\t\t\n\t\t\t<div class=\"liner-continer\">\n\t\t\t\t<h4 class=\"woodmart-title-container title wd-fontsize-l\">Flexibilit\u00e9 d'installation<\/h4> \n\t\t\t\t\t\t\t<\/div>\n\n\t\t\t\t\t\t\t<div class=\"title-after_title reset-last-child wd-fontsize-xs\">\n\t\t\t\t\t<p>Les dimensions compactes de la machine de levage sans engrenage <strong>eleforce\u00a0 25 versione .20 - .30<\/strong> facilitent l'installation dans n'importe quel syst\u00e8me de levage MRL, m\u00eame ceux qui ont une faible hauteur d'\u00e9l\u00e9vation. En utilisant les cadres appropri\u00e9s, la machine de levage sans engrenage <strong>eleforce\u00a025 versione .20 - .30<\/strong> peut \u00e9galement \u00eatre facilement install\u00e9 dans des syst\u00e8mes d'ascenseurs avec salle des machines et suspension 1:1.<\/p>\t\t\t\t<\/div>\n\t\t\t\t\t<\/div>\n\t\t\t\t\t\t<\/div>\n\t\t\t\t<\/div>\n\t\t\t\t\t<\/div>\n\t\t<\/div>\n\t\t\t\t<div class=\"elementor-column elementor-col-33 elementor-top-column elementor-element elementor-element-4a229ff\" data-id=\"4a229ff\" data-element_type=\"column\" data-e-type=\"column\">\n\t\t\t<div class=\"elementor-widget-wrap elementor-element-populated\">\n\t\t\t\t\t\t<div class=\"elementor-element elementor-element-2549bdb wd-width-100 elementor-widget elementor-widget-wd_title\" data-id=\"2549bdb\" data-element_type=\"widget\" data-e-type=\"widget\" data-widget_type=\"wd_title.default\">\n\t\t\t\t<div class=\"elementor-widget-container\">\n\t\t\t\t\t\t\t<div class=\"title-wrapper wd-set-mb reset-last-child wd-title-color-default wd-title-style-default wd-title-size-default text-left\">\n\n\t\t\t\n\t\t\t<div class=\"liner-continer\">\n\t\t\t\t<h4 class=\"woodmart-title-container title wd-fontsize-l\">Pacchetto con quadro di manovra<\/h4> \n\t\t\t\t\t\t\t<\/div>\n\n\t\t\t\t\t\t\t<div class=\"title-after_title reset-last-child wd-fontsize-xs\">\n\t\t\t\t\t<p>Machines de levage sans engrenage <strong>eleforce\u00a025 versione .20 - .30<\/strong> sont con\u00e7us pour offrir le meilleur rendement possible, ce qui ne peut \u00eatre obtenu qu'en utilisant un onduleur \u00e0 la hauteur de la t\u00e2che et capable de fournir des courants tr\u00e8s faibles.<\/p><p>L'<strong>eleforce<\/strong> pu\u00f2 fornire il pacchetto completo, composto dalla macchina e dal quadro di manovra, appositamente adattato per la macchina fornita<\/p>\t\t\t\t<\/div>\n\t\t\t\t\t<\/div>\n\t\t\t\t\t\t<\/div>\n\t\t\t\t<\/div>\n\t\t\t\t\t<\/div>\n\t\t<\/div>\n\t\t\t\t<div class=\"elementor-column elementor-col-33 elementor-top-column elementor-element elementor-element-b4f697d\" data-id=\"b4f697d\" data-element_type=\"column\" data-e-type=\"column\">\n\t\t\t<div class=\"elementor-widget-wrap elementor-element-populated\">\n\t\t\t\t\t\t<div class=\"elementor-element elementor-element-c046a92 wd-width-100 elementor-widget elementor-widget-wd_title\" data-id=\"c046a92\" data-element_type=\"widget\" data-e-type=\"widget\" data-widget_type=\"wd_title.default\">\n\t\t\t\t<div class=\"elementor-widget-container\">\n\t\t\t\t\t\t\t<div class=\"title-wrapper wd-set-mb reset-last-child wd-title-color-default wd-title-style-default wd-title-size-default text-left\">\n\n\t\t\t\n\t\t\t<div class=\"liner-continer\">\n\t\t\t\t<h4 class=\"woodmart-title-container title wd-fontsize-l\">Logiciel de s\u00e9lection et de configuration technique<\/h4> \n\t\t\t\t\t\t\t<\/div>\n\n\t\t\t\t\t\t\t<div class=\"title-after_title reset-last-child wd-fontsize-xs\">\n\t\t\t\t\t<p>I clienti <strong>eleforce<\/strong> possono avvalersi del software \"<strong>eleforce<\/strong> Configuration Wizard\" che consente di caricare i dati del sistema ascensore per fornire una selezione delle macchine gearless <strong>eleforce<\/strong> pi\u00f9 idonee. Inoltre, l'<strong>eleforce<\/strong> \"Configuration Wizard\" fornisce il confronto tra i dati di targa della macchina e i valori effettivi forniti nel sistema ascensore, cos\u00ec come fornisce i calcoli relativi alla sicurezza e alla trazione delle funi, la scelta dell'inverter, lo spazio per la frenata di emergenza e i costi operativi per l'elettricit\u00e0 e la classe di efficienza<\/p>\t\t\t\t<\/div>\n\t\t\t\t\t<\/div>\n\t\t\t\t\t\t<\/div>\n\t\t\t\t<\/div>\n\t\t\t\t\t<\/div>\n\t\t<\/div>\n\t\t\t\t\t<\/div>\n\t\t<\/section>\n\t\t\t\t<\/div>","protected":false},"excerpt":{"rendered":"<p id=\"u27398-17\">La gamme de machines <strong>gearless<\/strong> pour l'ascenseur <strong>eleforce\u00a025 versione .20 &#8211; .30<\/strong> produit les meilleures performances m\u00eame \u00e0 des temp\u00e9ratures de travail \u00e9lev\u00e9es et ses aimants ne sont pas susceptibles de s'oxyder au fil du temps et de perdre leurs performances.<\/p>\n<p id=\"u27398-20\">Il motore a magneti permanenteia 24 poli garantisce le migliori prestazioni possibili e le dimensioni pi\u00f9 compatte.<\/p>","protected":false},"featured_media":13264,"template":"","meta":[],"product_brand":[96],"product_cat":[31],"product_tag":[83],"class_list":{"0":"post-13137","1":"product","2":"type-product","3":"status-publish","4":"has-post-thumbnail","6":"product_brand-gearless-eleforce","7":"product_cat-gearless-per-ascensore","8":"product_tag-gearless-eleforce-25-versione-20-30","10":"first","11":"instock","12":"taxable","13":"shipping-taxable","14":"product-type-simple"},"_links":{"self":[{"href":"https:\/\/eleforce.uk\/fr\/wp-json\/wp\/v2\/product\/13137","targetHints":{"allow":["GET"]}}],"collection":[{"href":"https:\/\/eleforce.uk\/fr\/wp-json\/wp\/v2\/product"}],"about":[{"href":"https:\/\/eleforce.uk\/fr\/wp-json\/wp\/v2\/types\/product"}],"version-history":[{"count":25,"href":"https:\/\/eleforce.uk\/fr\/wp-json\/wp\/v2\/product\/13137\/revisions"}],"predecessor-version":[{"id":14234,"href":"https:\/\/eleforce.uk\/fr\/wp-json\/wp\/v2\/product\/13137\/revisions\/14234"}],"wp:featuredmedia":[{"embeddable":true,"href":"https:\/\/eleforce.uk\/fr\/wp-json\/wp\/v2\/media\/13264"}],"wp:attachment":[{"href":"https:\/\/eleforce.uk\/fr\/wp-json\/wp\/v2\/media?parent=13137"}],"wp:term":[{"taxonomy":"product_brand","embeddable":true,"href":"https:\/\/eleforce.uk\/fr\/wp-json\/wp\/v2\/product_brand?post=13137"},{"taxonomy":"product_cat","embeddable":true,"href":"https:\/\/eleforce.uk\/fr\/wp-json\/wp\/v2\/product_cat?post=13137"},{"taxonomy":"product_tag","embeddable":true,"href":"https:\/\/eleforce.uk\/fr\/wp-json\/wp\/v2\/product_tag?post=13137"}],"curies":[{"name":"wp","href":"https:\/\/api.w.org\/{rel}","templated":true}]}}