{"id":13314,"date":"2023-02-13T13:40:35","date_gmt":"2023-02-13T13:40:35","guid":{"rendered":"https:\/\/eleforce.uk\/\/?post_type=product&#038;p=13314"},"modified":"2026-03-09T10:52:03","modified_gmt":"2026-03-09T10:52:03","slug":"eleforce-30-versione-30-40-50","status":"publish","type":"product","link":"https:\/\/eleforce.uk\/fr\/produit\/eleforce-30-versione-30-40-50\/","title":{"rendered":"Gearless eleforce 30 versione .30 &#8211;  .40 &#8211;  .50"},"content":{"rendered":"<div data-elementor-type=\"wp-post\" data-elementor-id=\"13314\" class=\"elementor elementor-13314\" data-elementor-post-type=\"product\">\n\t\t\t\t\t\t<section class=\"wd-negative-gap elementor-section elementor-top-section elementor-element elementor-element-ef7ac7f elementor-section-boxed elementor-section-height-default elementor-section-height-default\" data-id=\"ef7ac7f\" data-element_type=\"section\" data-e-type=\"section\">\n\t\t\t\t\t\t<div class=\"elementor-container elementor-column-gap-default\">\n\t\t\t\t\t<div class=\"elementor-column elementor-col-33 elementor-top-column elementor-element elementor-element-1cedad0\" data-id=\"1cedad0\" data-element_type=\"column\" data-e-type=\"column\">\n\t\t\t<div class=\"elementor-widget-wrap elementor-element-populated\">\n\t\t\t\t\t\t<div class=\"elementor-element elementor-element-2b0931d wd-width-100 elementor-widget elementor-widget-wd_title\" data-id=\"2b0931d\" data-element_type=\"widget\" data-e-type=\"widget\" data-widget_type=\"wd_title.default\">\n\t\t\t\t<div class=\"elementor-widget-container\">\n\t\t\t\t\t\t\t<div class=\"title-wrapper wd-set-mb reset-last-child wd-title-color-default wd-title-style-default wd-title-size-default text-left\">\n\n\t\t\t\n\t\t\t<div class=\"liner-continer\">\n\t\t\t\t<h4 class=\"woodmart-title-container title wd-fontsize-l\">PERFORMANCE ET FACILIT\u00c9 D'INSTALLATION<\/h4> \n\t\t\t\t\t\t\t<\/div>\n\n\t\t\t\t\t\t\t<div class=\"title-after_title reset-last-child wd-fontsize-xs\">\n\t\t\t\t\t<p><span style=\"font-size: 16px;background-color: var(--wd-main-bgcolor);color: var(--wd-text-color)\">Machines sans engrenage <strong>eleforce<\/strong> <b>30 versione .30 - .40 - .50<\/b> ont \u00e9t\u00e9 con\u00e7ues dans le but d'atteindre le plus grand nombre possible de personnes. <\/span><span style=\"font-size: 16px;background-color: var(--wd-main-bgcolor);color: var(--wd-text-color)\">l'\u00e9quilibre entre la performance, la qualit\u00e9 et la rentabilit\u00e9 du produit fini.<\/span><\/p><p>Avec un diam\u00e8tre ext\u00e9rieur de 320 mm seulement, les unit\u00e9s de traction\u00a0<span style=\"font-size: 16px;background-color: var(--wd-main-bgcolor);color: var(--wd-text-color)\"><strong> eleforce<\/strong> <b>\u00a030 versione .30 - .40 - .50<\/b> ont des dimensions <\/span><span style=\"font-size: 16px;background-color: var(--wd-main-bgcolor);color: var(--wd-text-color)\">plus proches de celles des machines ayant des capacit\u00e9s beaucoup plus faibles, mais certainement pas courantes pour des capacit\u00e9s allant jusqu'\u00e0<\/span><span style=\"font-size: 16px;background-color: var(--wd-main-bgcolor);color: var(--wd-text-color)\"> \u00e0 2 000 kilos.<\/span><\/p>\t\t\t\t<\/div>\n\t\t\t\t\t<\/div>\n\t\t\t\t\t\t<\/div>\n\t\t\t\t<\/div>\n\t\t\t\t\t<\/div>\n\t\t<\/div>\n\t\t\t\t<div class=\"elementor-column elementor-col-33 elementor-top-column elementor-element elementor-element-4a229ff\" data-id=\"4a229ff\" data-element_type=\"column\" data-e-type=\"column\">\n\t\t\t<div class=\"elementor-widget-wrap elementor-element-populated\">\n\t\t\t\t\t\t<div class=\"elementor-element elementor-element-2549bdb wd-width-100 elementor-widget elementor-widget-wd_title\" data-id=\"2549bdb\" data-element_type=\"widget\" data-e-type=\"widget\" data-widget_type=\"wd_title.default\">\n\t\t\t\t<div class=\"elementor-widget-container\">\n\t\t\t\t\t\t\t<div class=\"title-wrapper wd-set-mb reset-last-child wd-title-color-default wd-title-style-default wd-title-size-default text-left\">\n\n\t\t\t\n\t\t\t<div class=\"liner-continer\">\n\t\t\t\t<h4 class=\"woodmart-title-container title wd-fontsize-l\">des d\u00e9tails qui font la diff\u00e9rence<\/h4> \n\t\t\t\t\t\t\t<\/div>\n\n\t\t\t\t\t\t\t<div class=\"title-after_title reset-last-child wd-fontsize-xs\">\n\t\t\t\t\t<p><span style=\"font-size: 16px;background-color: var(--wd-main-bgcolor);color: var(--wd-text-color)\">Les aimants utilis\u00e9s pour les treuils sans engrenage <strong>eleforce <\/strong><\/span><b>30 versione .30 - .40 - .50<\/b><span style=\"font-size: 16px;background-color: var(--wd-main-bgcolor);color: var(--wd-text-color)\"> offrent les meilleures caract\u00e9ristiques de fiabilit\u00e9 <\/span><span style=\"font-size: 16px;background-color: var(--wd-main-bgcolor);color: var(--wd-text-color)\">au fil du temps, ainsi qu'une meilleure performance \u00e0 haute temp\u00e9rature. Leur assemblage, r\u00e9alis\u00e9 <\/span><span style=\"font-size: 16px;background-color: var(--wd-main-bgcolor);color: var(--wd-text-color)\">gr\u00e2ce \u00e0 un couplage m\u00e9canique et \u00e0 des adh\u00e9sifs sp\u00e9ciaux, garantit qu'ils ne peuvent jamais se d\u00e9tacher <\/span><span style=\"font-size: 16px;background-color: var(--wd-main-bgcolor);color: var(--wd-text-color)\">du rotor dans toutes les conditions.<\/span><\/p><p>La conception de la <b>Moteur \u00e0 32 p\u00f4les<\/b> garantit l'absence de vibrations, la meilleure fluidit\u00e9 de l'air et de l'eau. <span style=\"font-size: 16px;background-color: var(--wd-main-bgcolor);color: var(--wd-text-color)\">et le d\u00e9veloppement le plus harmonieux de la paire.<\/span><\/p><p>Le bo\u00eetier en fonte \u00e0 nombreuses ailettes permet d'obtenir des caract\u00e9ristiques de dissipation optimales. <span style=\"font-size: 16px;background-color: var(--wd-main-bgcolor);color: var(--wd-text-color)\">La chaleur naturelle et, en raison de la charge statique plus \u00e9lev\u00e9e et de l'absence de barres d'accouplement, la possibilit\u00e9 d'une augmentation de la temp\u00e9rature de l'air peut \u00eatre un facteur de risque. <\/span><span style=\"font-size: 16px;background-color: var(--wd-main-bgcolor);color: var(--wd-text-color)\">r\u00e9sistance au rendement, assure la plus grande rigidit\u00e9 \u00e0 l'ensemble de l'unit\u00e9 de traction <strong>eleforce<\/strong> <b>30 versione .30 - .40 - .50.<\/b><\/span><\/p>\t\t\t\t<\/div>\n\t\t\t\t\t<\/div>\n\t\t\t\t\t\t<\/div>\n\t\t\t\t<\/div>\n\t\t\t\t\t<\/div>\n\t\t<\/div>\n\t\t\t\t<div class=\"elementor-column elementor-col-33 elementor-top-column elementor-element elementor-element-b4f697d\" data-id=\"b4f697d\" data-element_type=\"column\" data-e-type=\"column\">\n\t\t\t<div class=\"elementor-widget-wrap elementor-element-populated\">\n\t\t\t\t\t\t<div class=\"elementor-element elementor-element-c046a92 wd-width-100 elementor-widget elementor-widget-wd_title\" data-id=\"c046a92\" data-element_type=\"widget\" data-e-type=\"widget\" data-widget_type=\"wd_title.default\">\n\t\t\t\t<div class=\"elementor-widget-container\">\n\t\t\t\t\t\t\t<div class=\"title-wrapper wd-set-mb reset-last-child wd-title-color-default wd-title-style-default wd-title-size-default text-left\">\n\n\t\t\t\n\t\t\t<div class=\"liner-continer\">\n\t\t\t\t<h4 class=\"woodmart-title-container title wd-fontsize-l\"><p><\/p>Logiciel de configuration technique<\/h4> \n\t\t\t\t\t\t\t<\/div>\n\n\t\t\t\t\t\t\t<div class=\"title-after_title reset-last-child wd-fontsize-xs\">\n\t\t\t\t\t<p><span style=\"font-size: 16px;background-color: var(--wd-main-bgcolor);color: var(--wd-text-color)\">I clienti eleforce possono avvalersi del software \"eleforce Configuration Wizard\" che consente di caricare i dati del sistema ascensore per fornire una selezione delle macchine gearless eleforce \u00a0pi\u00f9 idonee. Inoltre, l'eleforce \"Configuration Wizard\" fornisce il confronto tra i dati di targa della macchina e i valori effettivi forniti nel sistema ascensore, cos\u00ec come fornisce i calcoli relativi alla sicurezza e alla trazione delle funi, la scelta dell'inverter, lo spazio per la frenata di emergenza e i costi operativi per l'elettricit\u00e0 e la classe di efficienza<\/span><\/p>\t\t\t\t<\/div>\n\t\t\t\t\t<\/div>\n\t\t\t\t\t\t<\/div>\n\t\t\t\t<\/div>\n\t\t\t\t\t<\/div>\n\t\t<\/div>\n\t\t\t\t\t<\/div>\n\t\t<\/section>\n\t\t\t\t<\/div>","protected":false},"excerpt":{"rendered":"<h4>La machine \u00e9l\u00e9vatrice sans engrenage ITG 30 version .30 - .40 - .50,<\/h4>\n<p>repr\u00e9sente l'\u00e9volution naturelle de la gamme pour des capacit\u00e9s de charge plus \u00e9lev\u00e9es que les mod\u00e8les pr\u00e9c\u00e9dents, puisqu'il est con\u00e7u pour des charges utiles variables entre 1 et 2 tonnes. <strong>1 600 et 2 000 kg<\/strong>, en <strong>tir 2 : 1<\/strong>en plus des diff\u00e9rentes variantes con\u00e7ues pour les <strong>suspension 1 : 1<\/strong><\/p>","protected":false},"featured_media":13316,"template":"","meta":[],"product_brand":[96],"product_cat":[31],"product_tag":[99],"class_list":{"0":"post-13314","1":"product","2":"type-product","3":"status-publish","4":"has-post-thumbnail","6":"product_brand-gearless-eleforce","7":"product_cat-gearless-per-ascensore","8":"product_tag-eleforce-30-versione-30-40-50","10":"first","11":"instock","12":"taxable","13":"shipping-taxable","14":"product-type-simple"},"_links":{"self":[{"href":"https:\/\/eleforce.uk\/fr\/wp-json\/wp\/v2\/product\/13314","targetHints":{"allow":["GET"]}}],"collection":[{"href":"https:\/\/eleforce.uk\/fr\/wp-json\/wp\/v2\/product"}],"about":[{"href":"https:\/\/eleforce.uk\/fr\/wp-json\/wp\/v2\/types\/product"}],"version-history":[{"count":28,"href":"https:\/\/eleforce.uk\/fr\/wp-json\/wp\/v2\/product\/13314\/revisions"}],"predecessor-version":[{"id":14393,"href":"https:\/\/eleforce.uk\/fr\/wp-json\/wp\/v2\/product\/13314\/revisions\/14393"}],"wp:featuredmedia":[{"embeddable":true,"href":"https:\/\/eleforce.uk\/fr\/wp-json\/wp\/v2\/media\/13316"}],"wp:attachment":[{"href":"https:\/\/eleforce.uk\/fr\/wp-json\/wp\/v2\/media?parent=13314"}],"wp:term":[{"taxonomy":"product_brand","embeddable":true,"href":"https:\/\/eleforce.uk\/fr\/wp-json\/wp\/v2\/product_brand?post=13314"},{"taxonomy":"product_cat","embeddable":true,"href":"https:\/\/eleforce.uk\/fr\/wp-json\/wp\/v2\/product_cat?post=13314"},{"taxonomy":"product_tag","embeddable":true,"href":"https:\/\/eleforce.uk\/fr\/wp-json\/wp\/v2\/product_tag?post=13314"}],"curies":[{"name":"wp","href":"https:\/\/api.w.org\/{rel}","templated":true}]}}