{"id":8601,"date":"2022-09-12T16:53:43","date_gmt":"2022-09-12T16:53:43","guid":{"rendered":"https:\/\/eleforce.uk\/\/?page_id=8601"},"modified":"2026-02-22T13:48:33","modified_gmt":"2026-02-22T13:48:33","slug":"cookie-policy","status":"publish","type":"page","link":"https:\/\/eleforce.uk\/it_it\/cookie-policy\/","title":{"rendered":"Cookie Policy"},"content":{"rendered":"\t\t<div data-elementor-type=\"wp-page\" data-elementor-id=\"8601\" class=\"elementor elementor-8601\" data-elementor-post-type=\"page\">\n\t\t\t\t<div class=\"wd-negative-gap elementor-element elementor-element-6bdfe9b7 e-flex e-con-boxed e-con e-parent\" data-id=\"6bdfe9b7\" data-element_type=\"container\" data-e-type=\"container\">\n\t\t\t\t\t<div class=\"e-con-inner\">\n\t\t\t\t<div class=\"elementor-element elementor-element-59f494b color-scheme-inherit text-left elementor-widget elementor-widget-text-editor\" data-id=\"59f494b\" data-element_type=\"widget\" data-e-type=\"widget\" data-widget_type=\"text-editor.default\">\n\t\t\t\t\t\t\t\t\t\n<p id=\"u43128-7\">Politica dei Cookie<\/p>\n\n<p id=\"u43128-8\">\u00a0<\/p>\n\n<p id=\"u43128-10\">Questa politica dei cookie (&#8220;Policy&#8221;) descrive quali cookie sono presnti e come l&#8217;operatore del sito web\u00a0 (&#8220;Operatore del sito&#8221;, &#8220;noi&#8221;, &#8220;noi&#8221; o &#8220;il nostro&#8221;) li utilizza sul sito web top-gears.eu e uno qualsiasi dei suoi prodotti o servizi (collettivamente, &#8220;Sito&#8221; o &#8220;Servizi&#8221;).<\/p>\n\n<p id=\"u43128-11\">\u00a0<\/p>\n\n<p id=\"u43128-13\">Si consiglia di leggere questa informativa in modo da poter capire che tipo di cookie utilizziamo, le informazioni che raccogliamo utilizzando i cookie e come tali informazioni vengono utilizzate. Descrive inoltre le scelte a tua disposizione in merito all&#8217;accettazione o al rifiuto dell&#8217;uso dei cookie. Per ulteriori informazioni su come utilizziamo, memorizziamo e teniamo al sicuro i tuoi dati personali, consulta la nostra Privacy Policy.<\/p>\n\n<p id=\"u43128-14\">\u00a0<\/p>\n\n<p id=\"u43128-16\">Che cosa sono i cookie?<\/p>\n\n<p id=\"u43128-17\">\u00a0<\/p>\n\n<p id=\"u43128-19\">I cookie sono piccoli pezzi di dati memorizzati in file di testo che vengono salvati sul computer o altri dispositivi quando i siti web vengono caricati in un browser. Essi sono ampiamente utilizzati per ricordare voi e le vostre preferenze, sia per una singola visita (attraverso un &#8220;cookie di sessione&#8221;) o per pi\u00f9 visite ripetute (utilizzando un &#8220;cookie persistente&#8221;).<\/p>\n\n<p id=\"u43128-20\">\u00a0<\/p>\n\n<p id=\"u43128-22\">I cookie di sessione sono cookie temporanei che vengono utilizzati nel corso della visita al Sito, e scadono quando si chiude il browser web.<\/p>\n\n<p id=\"u43128-23\">\u00a0<\/p>\n\n<p id=\"u43128-25\">I cookie persistenti vengono utilizzati per ricordare le preferenze all&#8217;interno del nostro sito e rimanere sul desktop o dispositivo mobile anche dopo la chiusura del browser o riavviare il computer. Garantiscono un&#8217;esperienza coerente ed efficiente durante la visita al nostro sito web o utilizzando i nostri servizi.<\/p>\n\n<p id=\"u43128-26\">\u00a0<\/p>\n\n<p id=\"u43128-28\">I cookie possono essere impostati dal Sito (&#8220;cookie di prima parte&#8221;), o da terze parti, come quelli che servono contenuti o forniscono servizi pubblicitari o analitici sul sito (&#8220;cookie di terze parti&#8221;). Queste terze parti possono riconoscervi quando visitate il nostro sito web e anche quando visitate alcuni altri siti web.<\/p>\n\n<p id=\"u43128-29\">\u00a0<\/p>\n\n<p id=\"u43128-31\">Che tipo di cookie utilizziamo?<\/p>\n\n<p id=\"u43128-32\">\u00a0<\/p>\n\n<p id=\"u43128-34\">&#8211; Cookie necessari<\/p>\n\n<p id=\"u43128-35\">\u00a0<\/p>\n\n<p id=\"u43128-37\">I cookie necessari ci consentono di offrirti la migliore esperienza possibile quando accedi e navighi attraverso il nostro Sito e ne utilizzi le funzionalit\u00e0. Per esempio, questi cookie ci permettono di riconoscere che hai creato un account e hanno effettuato l&#8217;accesso a tale account per accedere al contenuto.<\/p>\n\n<p id=\"u43128-38\">\u00a0<\/p>\n\n<p id=\"u43128-40\">&#8211; Cookie di funzionalit\u00e0<\/p>\n\n<p id=\"u43128-41\">\u00a0<\/p>\n\n<p id=\"u43128-43\">I cookie di funzionalit\u00e0 ci consentono di gestire il Sito e i nostri Servizi in conformit\u00e0 con le scelte effettuate. Per esempio, riconosceremo il tuo nome utente e ricorderemo come hai personalizzato il sito web e i servizi durante le visite future.<\/p>\n\n<p id=\"u43128-44\">\u00a0<\/p>\n\n<p id=\"u43128-46\">Quali sono le opzioni per i cookie?<\/p>\n\n<p id=\"u43128-47\">\u00a0<\/p>\n\n<p id=\"u43128-49\">Se non ti piace l&#8217;idea dei cookie o di alcuni tipi di cookie, puoi modificare le impostazioni del tuo browser per eliminare i cookie che sono gi\u00e0 stati impostati e non accettare nuovi cookie. Per saperne di pi\u00f9 su come farlo o per saperne di pi\u00f9 sui cookie, visita internetcookies.org<\/p>\n\n<p id=\"u43128-50\">\u00a0<\/p>\n\n<p id=\"u43128-52\">Modifiche ed emendamenti<\/p>\n\n<p id=\"u43128-53\">\u00a0<\/p>\n\n<p id=\"u43128-55\">Ci riserviamo il diritto di modificare la presente Politica relativa al Sito o ai Servizi in qualsiasi momento, con effetto a seguito della pubblicazione di una versione aggiornata di questa Politica sul Sito. Quando lo faremo rivedremo la data aggiornata in fondo a questa pagina. L&#8217;uso continuato del Sito dopo tali modifiche costituir\u00e0 il vostro consenso a tali modifiche.<\/p>\n\n<p id=\"u43128-56\">\u00a0<\/p>\n\n<p id=\"u43128-58\">Accettazione di questa politica<\/p>\n\n<p id=\"u43128-59\">\u00a0<\/p>\n\n<p id=\"u43128-61\">Riconoscete di aver letto questa politica e di aver accettato tutti i suoi termini e condizioni. Utilizzando il Sito o i suoi Servizi l&#8217;utente accetta di essere vincolato da questa Politica. Se l&#8217;utente non accetta di rispettare i termini di questa Politica, non \u00e8 autorizzato ad utilizzare o accedere al Sito e ai suoi Servizi.<\/p>\n\n<p id=\"u43128-62\">\u00a0<\/p>\n\n<p id=\"u43128-64\">Per metterti in contatto con noi<\/p>\n\n<p id=\"u43128-65\">\u00a0<\/p>\n\n<p id=\"u43128-67\">Se desideri contattarci per saperne di pi\u00f9 sulla presente informativa o vuoi contattarci per qualsiasi questione relativa al nostro utilizzo dei cookie, puoi farlo tramite il modulo di contatto o inviare una e-mail a <a href=\"mailto:info@eleforce.uk\">info@eleforce.uk<\/a>.<\/p>\n\n<p id=\"u43128-68\">\u00a0<\/p>\n\n<p id=\"u43128-70\">Questo documento \u00e8 stato aggiornato l&#8217;ultima volta il 22 Febbraio 2026<\/p>\n\t\t\t\t\t\t\t\t<\/div>\n\t\t\t\t\t<\/div>\n\t\t\t\t<\/div>\n\t\t\t\t<\/div>\n\t\t","protected":false},"excerpt":{"rendered":"<p>Politica dei Cookie \u00a0 Questa politica dei cookie (&#8220;Policy&#8221;) descrive quali cookie sono presnti e come l&#8217;operatore del sito web\u00a0<\/p>\n","protected":false},"author":5,"featured_media":0,"parent":0,"menu_order":0,"comment_status":"closed","ping_status":"closed","template":"","meta":{"footnotes":""},"class_list":["post-8601","page","type-page","status-publish","hentry"],"_links":{"self":[{"href":"https:\/\/eleforce.uk\/it_it\/wp-json\/wp\/v2\/pages\/8601","targetHints":{"allow":["GET"]}}],"collection":[{"href":"https:\/\/eleforce.uk\/it_it\/wp-json\/wp\/v2\/pages"}],"about":[{"href":"https:\/\/eleforce.uk\/it_it\/wp-json\/wp\/v2\/types\/page"}],"author":[{"embeddable":true,"href":"https:\/\/eleforce.uk\/it_it\/wp-json\/wp\/v2\/users\/5"}],"replies":[{"embeddable":true,"href":"https:\/\/eleforce.uk\/it_it\/wp-json\/wp\/v2\/comments?post=8601"}],"version-history":[{"count":5,"href":"https:\/\/eleforce.uk\/it_it\/wp-json\/wp\/v2\/pages\/8601\/revisions"}],"predecessor-version":[{"id":14106,"href":"https:\/\/eleforce.uk\/it_it\/wp-json\/wp\/v2\/pages\/8601\/revisions\/14106"}],"wp:attachment":[{"href":"https:\/\/eleforce.uk\/it_it\/wp-json\/wp\/v2\/media?parent=8601"}],"curies":[{"name":"wp","href":"https:\/\/api.w.org\/{rel}","templated":true}]}}