{"id":12696,"date":"2023-02-11T14:40:46","date_gmt":"2023-02-11T14:40:46","guid":{"rendered":"https:\/\/eleforce.uk\/\/?post_type=product&#038;p=12696"},"modified":"2026-03-09T16:52:24","modified_gmt":"2026-03-09T16:52:24","slug":"argano-gearless-g-one","status":"publish","type":"product","link":"https:\/\/eleforce.uk\/it_it\/prodotto\/argano-gearless-g-one\/","title":{"rendered":"Gearless <\/br> <strong>G-One<\/strong>"},"content":{"rendered":"\t\t<div data-elementor-type=\"wp-post\" data-elementor-id=\"12696\" class=\"elementor elementor-12696\" data-elementor-post-type=\"product\">\n\t\t\t\t\t\t<section class=\"wd-negative-gap elementor-section elementor-top-section elementor-element elementor-element-ef7ac7f elementor-section-boxed elementor-section-height-default elementor-section-height-default\" data-id=\"ef7ac7f\" data-element_type=\"section\" data-e-type=\"section\">\n\t\t\t\t\t\t<div class=\"elementor-container elementor-column-gap-default\">\n\t\t\t\t\t<div class=\"elementor-column elementor-col-33 elementor-top-column elementor-element elementor-element-1cedad0\" data-id=\"1cedad0\" data-element_type=\"column\" data-e-type=\"column\">\n\t\t\t<div class=\"elementor-widget-wrap elementor-element-populated\">\n\t\t\t\t\t\t<div class=\"elementor-element elementor-element-2b0931d wd-width-100 elementor-widget elementor-widget-wd_title\" data-id=\"2b0931d\" data-element_type=\"widget\" data-e-type=\"widget\" data-widget_type=\"wd_title.default\">\n\t\t\t\t<div class=\"elementor-widget-container\">\n\t\t\t\t\t\t\t<div class=\"title-wrapper wd-set-mb reset-last-child wd-title-color-default wd-title-style-default wd-title-size-default text-left\">\n\n\t\t\t\n\t\t\t<div class=\"liner-continer\">\n\t\t\t\t<h4 class=\"woodmart-title-container title wd-fontsize-l\">Esente da vibrazioni<\/h4> \n\t\t\t\t\t\t\t<\/div>\n\n\t\t\t\t\t\t\t<div class=\"title-after_title reset-last-child wd-fontsize-xs\">\n\t\t\t\t\t<p>L'<strong>eleforce<\/strong> ha sviluppato una propria tecnologia per garantire la costanza del traferro\u00a0 tra il rotore e lo statore del motore elettrico, che consente la produzione di macchine gearless senza vibrazioni e caratterizzate da prestazioni omogenee delle macchine prodotte.<\/p><p>Come sempre, il controllo dei motori MP richiede esperienza e l'uso di inverter di buona qualit\u00e0 in grado di fornire la giusta tensione e la giusta corrente, perch\u00e9 se superati comprometterebbero la silenziosit\u00e0 della macchina.<\/p>\t\t\t\t<\/div>\n\t\t\t\t\t<\/div>\n\t\t\t\t\t\t<\/div>\n\t\t\t\t<\/div>\n\t\t\t\t\t<\/div>\n\t\t<\/div>\n\t\t\t\t<div class=\"elementor-column elementor-col-33 elementor-top-column elementor-element elementor-element-4a229ff\" data-id=\"4a229ff\" data-element_type=\"column\" data-e-type=\"column\">\n\t\t\t<div class=\"elementor-widget-wrap elementor-element-populated\">\n\t\t\t\t\t\t<div class=\"elementor-element elementor-element-2549bdb wd-width-100 elementor-widget elementor-widget-wd_title\" data-id=\"2549bdb\" data-element_type=\"widget\" data-e-type=\"widget\" data-widget_type=\"wd_title.default\">\n\t\t\t\t<div class=\"elementor-widget-container\">\n\t\t\t\t\t\t\t<div class=\"title-wrapper wd-set-mb reset-last-child wd-title-color-default wd-title-style-default wd-title-size-default text-left\">\n\n\t\t\t\n\t\t\t<div class=\"liner-continer\">\n\t\t\t\t<h4 class=\"woodmart-title-container title wd-fontsize-l\">Piccolo, ma con grande tecnologia<\/h4> \n\t\t\t\t\t\t\t<\/div>\n\n\t\t\t\t\t\t\t<div class=\"title-after_title reset-last-child wd-fontsize-xs\">\n\t\t\t\t\t<p>Il motore a magneti permanenti dell'<strong>eleforce<\/strong> <strong>\"G-One\"<\/strong> \u00e8 a 24 poli ed \u00e8 stato progettato per essere il pi\u00f9 efficiente possibile e con una coppia di cogging ridotta, grazie all'elevato numero di slot per polo e fase. I magneti permanenti sono stati scelti per avere la massima resistenza al calore, minimizzando le perdite. Ogni singola versione dell'<strong>eleforce<\/strong> <strong>\"G-One\"<\/strong> ha avvolgimenti progettati specificamente per la tensione di alimentazione alla quale verr\u00e0 utilizzata la macchina (230 o 380 V) nonch\u00e9 per condizioni di carico e velocit\u00e0 specifiche<\/p>\t\t\t\t<\/div>\n\t\t\t\t\t<\/div>\n\t\t\t\t\t\t<\/div>\n\t\t\t\t<\/div>\n\t\t\t\t\t<\/div>\n\t\t<\/div>\n\t\t\t\t<div class=\"elementor-column elementor-col-33 elementor-top-column elementor-element elementor-element-b4f697d\" data-id=\"b4f697d\" data-element_type=\"column\" data-e-type=\"column\">\n\t\t\t<div class=\"elementor-widget-wrap elementor-element-populated\">\n\t\t\t\t\t\t<div class=\"elementor-element elementor-element-c046a92 wd-width-100 elementor-widget elementor-widget-wd_title\" data-id=\"c046a92\" data-element_type=\"widget\" data-e-type=\"widget\" data-widget_type=\"wd_title.default\">\n\t\t\t\t<div class=\"elementor-widget-container\">\n\t\t\t\t\t\t\t<div class=\"title-wrapper wd-set-mb reset-last-child wd-title-color-default wd-title-style-default wd-title-size-default text-left\">\n\n\t\t\t\n\t\t\t<div class=\"liner-continer\">\n\t\t\t\t<h4 class=\"woodmart-title-container title wd-fontsize-l\">Non solo homelift, ma anche ascensori<\/h4> \n\t\t\t\t\t\t\t<\/div>\n\n\t\t\t\t\t\t\t<div class=\"title-after_title reset-last-child wd-fontsize-xs\">\n\t\t\t\t\t<p>La macchina gearless <strong>eleforce \"G-One\"<\/strong> \u00e8 disponibile per applicazioni di home-lift, nonch\u00e9 per ascensori passeggeri standard. I modelli dell'<strong>eleforce \"G-One<\/strong>\" hanno dimensioni diverse, poich\u00e9 uno \u00e8 stato progettato per pulegge di trazione con diametro di 120, 140, 150 e 160 millimetri, per funi metalliche con anima tessile, funi rivestite o per la trazione a cinghia.<\/p>\t\t\t\t<\/div>\n\t\t\t\t\t<\/div>\n\t\t\t\t\t\t<\/div>\n\t\t\t\t<\/div>\n\t\t\t\t\t<\/div>\n\t\t<\/div>\n\t\t\t\t\t<\/div>\n\t\t<\/section>\n\t\t\t\t<\/div>\n\t\t","protected":false},"excerpt":{"rendered":"<p id=\"u40075-2\">Tecnologia gearless per homelift L&#8217;<strong>eleforce<\/strong> <strong>&#8220;G-One&#8221;<\/strong> \u00e8 l&#8217;unit\u00e0 di trazione gearless con motore a magneti permanenti che fa rivivere, con il minimo ingombro, le caratteristiche essenziali delle unit\u00e0 gearless <strong>eleforce<\/strong>.<\/p>\n","protected":false},"featured_media":12694,"template":"","meta":[],"product_brand":[96],"product_cat":[31],"product_tag":[98,97],"class_list":{"0":"post-12696","1":"product","2":"type-product","3":"status-publish","4":"has-post-thumbnail","6":"product_brand-gearless-eleforce","7":"product_cat-gearless-per-ascensore","8":"product_tag-eleforce-g-one","9":"product_tag-g-one","11":"first","12":"instock","13":"taxable","14":"shipping-taxable","15":"product-type-simple"},"_links":{"self":[{"href":"https:\/\/eleforce.uk\/it_it\/wp-json\/wp\/v2\/product\/12696","targetHints":{"allow":["GET"]}}],"collection":[{"href":"https:\/\/eleforce.uk\/it_it\/wp-json\/wp\/v2\/product"}],"about":[{"href":"https:\/\/eleforce.uk\/it_it\/wp-json\/wp\/v2\/types\/product"}],"version-history":[{"count":14,"href":"https:\/\/eleforce.uk\/it_it\/wp-json\/wp\/v2\/product\/12696\/revisions"}],"predecessor-version":[{"id":14397,"href":"https:\/\/eleforce.uk\/it_it\/wp-json\/wp\/v2\/product\/12696\/revisions\/14397"}],"wp:featuredmedia":[{"embeddable":true,"href":"https:\/\/eleforce.uk\/it_it\/wp-json\/wp\/v2\/media\/12694"}],"wp:attachment":[{"href":"https:\/\/eleforce.uk\/it_it\/wp-json\/wp\/v2\/media?parent=12696"}],"wp:term":[{"taxonomy":"product_brand","embeddable":true,"href":"https:\/\/eleforce.uk\/it_it\/wp-json\/wp\/v2\/product_brand?post=12696"},{"taxonomy":"product_cat","embeddable":true,"href":"https:\/\/eleforce.uk\/it_it\/wp-json\/wp\/v2\/product_cat?post=12696"},{"taxonomy":"product_tag","embeddable":true,"href":"https:\/\/eleforce.uk\/it_it\/wp-json\/wp\/v2\/product_tag?post=12696"}],"curies":[{"name":"wp","href":"https:\/\/api.w.org\/{rel}","templated":true}]}}