{"id":12935,"date":"2023-02-13T10:21:03","date_gmt":"2023-02-13T10:21:03","guid":{"rendered":"https:\/\/eleforce.uk\/\/?post_type=product&#038;p=12935"},"modified":"2026-03-07T13:23:22","modified_gmt":"2026-03-07T13:23:22","slug":"argano-eleforce-127","status":"publish","type":"product","link":"https:\/\/eleforce.uk\/it_it\/prodotto\/argano-eleforce-127\/","title":{"rendered":"Argano eleforce 127"},"content":{"rendered":"\t\t<div data-elementor-type=\"wp-post\" data-elementor-id=\"12935\" class=\"elementor elementor-12935\" data-elementor-post-type=\"product\">\n\t\t\t\t\t\t<section class=\"wd-negative-gap elementor-section elementor-top-section elementor-element elementor-element-ef7ac7f elementor-section-boxed elementor-section-height-default elementor-section-height-default\" data-id=\"ef7ac7f\" data-element_type=\"section\" data-e-type=\"section\">\n\t\t\t\t\t\t<div class=\"elementor-container elementor-column-gap-default\">\n\t\t\t\t\t<div class=\"elementor-column elementor-col-33 elementor-top-column elementor-element elementor-element-1cedad0\" data-id=\"1cedad0\" data-element_type=\"column\" data-e-type=\"column\">\n\t\t\t<div class=\"elementor-widget-wrap elementor-element-populated\">\n\t\t\t\t\t\t<div class=\"elementor-element elementor-element-2b0931d wd-width-100 elementor-widget elementor-widget-wd_title\" data-id=\"2b0931d\" data-element_type=\"widget\" data-e-type=\"widget\" data-widget_type=\"wd_title.default\">\n\t\t\t\t<div class=\"elementor-widget-container\">\n\t\t\t\t\t\t\t<div class=\"title-wrapper wd-set-mb reset-last-child wd-title-color-default wd-title-style-default wd-title-size-default text-left\">\n\n\t\t\t\n\t\t\t<div class=\"liner-continer\">\n\t\t\t\t<h4 class=\"woodmart-title-container title wd-fontsize-l\">FRUIBILITA' AL MASSIMO LIVELLO<\/h4> \n\t\t\t\t\t\t\t<\/div>\n\n\t\t\t\t\t\t\t<div class=\"title-after_title reset-last-child wd-fontsize-xs\">\n\t\t\t\t\t<p><span style=\"background-color: var(--wd-main-bgcolor)\"><span style=\"color: var(--wd-text-color)\">Il riduttore per ascensore <strong>eleforce 127<\/strong> \u00e8 <\/span>installabile <span style=\"color: var(--wd-text-color)\">in posizione verticale e orizzontale, adattandosi perfettamente alle esigenze di ogni impianto ascensore e anche alle installazioni MRL senza sala macchine.<\/span><\/span><\/p>\t\t\t\t<\/div>\n\t\t\t\t\t<\/div>\n\t\t\t\t\t\t<\/div>\n\t\t\t\t<\/div>\n\t\t\t\t\t<\/div>\n\t\t<\/div>\n\t\t\t\t<div class=\"elementor-column elementor-col-33 elementor-top-column elementor-element elementor-element-4a229ff\" data-id=\"4a229ff\" data-element_type=\"column\" data-e-type=\"column\">\n\t\t\t<div class=\"elementor-widget-wrap elementor-element-populated\">\n\t\t\t\t\t\t<div class=\"elementor-element elementor-element-2549bdb wd-width-100 elementor-widget elementor-widget-wd_title\" data-id=\"2549bdb\" data-element_type=\"widget\" data-e-type=\"widget\" data-widget_type=\"wd_title.default\">\n\t\t\t\t<div class=\"elementor-widget-container\">\n\t\t\t\t\t\t\t<div class=\"title-wrapper wd-set-mb reset-last-child wd-title-color-default wd-title-style-default wd-title-size-default text-left\">\n\n\t\t\t\n\t\t\t<div class=\"liner-continer\">\n\t\t\t\t<h4 class=\"woodmart-title-container title wd-fontsize-l\">PERFETTA PER OGNI IMPIANTO ASCENSORE<\/h4> \n\t\t\t\t\t\t\t<\/div>\n\n\t\t\t\t\t\t\t<div class=\"title-after_title reset-last-child wd-fontsize-xs\">\n\t\t\t\t\t<span style=\"font-size: 16px;background-color: var(--wd-main-bgcolor);color: var(--wd-text-color)\">La macchina per ascensore <strong>eleforce<\/strong> <strong>127<\/strong> dispone all'albero lento biconico che consente di installare la puleggia sul lato sinistro e destro, in funzione delle esigenze dello specifico impianto ascensore.\u00a0<\/span><span style=\"font-size: 16px;background-color: var(--wd-main-bgcolor);color: var(--wd-text-color)\">\u00a0<\/span><p>L'albero biconico consente di installare il freno di sicurezza <strong>SSB<\/strong> (Slow Shaft Brake) sul lato opposto a quello in cui si \u00e8 scelto di installare la puleggia di trazione.<\/p>\t\t\t\t<\/div>\n\t\t\t\t\t<\/div>\n\t\t\t\t\t\t<\/div>\n\t\t\t\t<\/div>\n\t\t\t\t\t<\/div>\n\t\t<\/div>\n\t\t\t\t<div class=\"elementor-column elementor-col-33 elementor-top-column elementor-element elementor-element-b4f697d\" data-id=\"b4f697d\" data-element_type=\"column\" data-e-type=\"column\">\n\t\t\t<div class=\"elementor-widget-wrap elementor-element-populated\">\n\t\t\t\t\t\t<div class=\"elementor-element elementor-element-c046a92 wd-width-100 elementor-widget elementor-widget-wd_title\" data-id=\"c046a92\" data-element_type=\"widget\" data-e-type=\"widget\" data-widget_type=\"wd_title.default\">\n\t\t\t\t<div class=\"elementor-widget-container\">\n\t\t\t\t\t\t\t<div class=\"title-wrapper wd-set-mb reset-last-child wd-title-color-default wd-title-style-default wd-title-size-default text-left\">\n\n\t\t\t\n\t\t\t<div class=\"liner-continer\">\n\t\t\t\t<h4 class=\"woodmart-title-container title wd-fontsize-l\">FACILE DA TRASPORTARE IN SALA MACCHINE<\/h4> \n\t\t\t\t\t\t\t<\/div>\n\n\t\t\t\t\t\t\t<div class=\"title-after_title reset-last-child wd-fontsize-xs\">\n\t\t\t\t\t<span style=\"font-size: 16px;background-color: var(--wd-main-bgcolor);color: var(--wd-text-color)\">L'argano per ascensore <strong>eleforce\u00a0127<\/strong> pu\u00f2 essere facilmente scomposto in tre parti per agevolarne il trasporto in sala macchine.<\/span><p>Cos\u00ec come pu\u00f2 essere facilmente smontato, l'<strong>eleforce 127<\/strong> pu\u00f2 essere altrettanto facilmente montato senza ricorrere ad attrezzi speciali, senza perdere i riferimenti di fabbrica per il suo perfetto bilanciamento e l'assenza di vibrazioni.<\/p>\t\t\t\t<\/div>\n\t\t\t\t\t<\/div>\n\t\t\t\t\t\t<\/div>\n\t\t\t\t<\/div>\n\t\t\t\t\t<\/div>\n\t\t<\/div>\n\t\t\t\t\t<\/div>\n\t\t<\/section>\n\t\t\t\t<\/div>\n\t\t","protected":false},"excerpt":{"rendered":"<h4 id=\"u24371-2\">eleforce 127:\u00a0 un argano per ascensore che va di fretta e fa le cose bene<\/h4>\n<p><strong>L&#8217;eleforce<\/strong><span id=\"u24371-5\"><strong>\u00a0127<\/strong> <\/span>\u00e8 un&#8217;unit\u00e0 di trazione per ascensore progettata per applicazioni che richiedono velocit\u00e0 di oltre un metro al secondo. <strong>L\u2019eleforce<span id=\"u24371-7\">\u00a0127 <\/span><\/strong>conserva tutte le caratteristiche mediamente superiori tipiche del modello, alle quali unisce ulteriore flessibilit\u00e0 in termini di velocit\u00e0 e fruibilit\u00e0, potendo essere facilmente installato in ascensori con <strong>tiro 1:1 o 2:1<\/strong> e con velocit\u00e0 compresa <strong>da 0,6 fino a 2,3 metri al secondo<\/strong>.<\/p>\n","protected":false},"featured_media":12936,"template":"","meta":[],"product_brand":[94],"product_cat":[23],"product_tag":[100],"class_list":{"0":"post-12935","1":"product","2":"type-product","3":"status-publish","4":"has-post-thumbnail","6":"product_brand-argano-elettromeccanico-eleforce","7":"product_cat-argani-per-ascensore","8":"product_tag-argano-eleforce-127","10":"first","11":"instock","12":"taxable","13":"shipping-taxable","14":"product-type-simple"},"_links":{"self":[{"href":"https:\/\/eleforce.uk\/it_it\/wp-json\/wp\/v2\/product\/12935","targetHints":{"allow":["GET"]}}],"collection":[{"href":"https:\/\/eleforce.uk\/it_it\/wp-json\/wp\/v2\/product"}],"about":[{"href":"https:\/\/eleforce.uk\/it_it\/wp-json\/wp\/v2\/types\/product"}],"version-history":[{"count":28,"href":"https:\/\/eleforce.uk\/it_it\/wp-json\/wp\/v2\/product\/12935\/revisions"}],"predecessor-version":[{"id":14161,"href":"https:\/\/eleforce.uk\/it_it\/wp-json\/wp\/v2\/product\/12935\/revisions\/14161"}],"wp:featuredmedia":[{"embeddable":true,"href":"https:\/\/eleforce.uk\/it_it\/wp-json\/wp\/v2\/media\/12936"}],"wp:attachment":[{"href":"https:\/\/eleforce.uk\/it_it\/wp-json\/wp\/v2\/media?parent=12935"}],"wp:term":[{"taxonomy":"product_brand","embeddable":true,"href":"https:\/\/eleforce.uk\/it_it\/wp-json\/wp\/v2\/product_brand?post=12935"},{"taxonomy":"product_cat","embeddable":true,"href":"https:\/\/eleforce.uk\/it_it\/wp-json\/wp\/v2\/product_cat?post=12935"},{"taxonomy":"product_tag","embeddable":true,"href":"https:\/\/eleforce.uk\/it_it\/wp-json\/wp\/v2\/product_tag?post=12935"}],"curies":[{"name":"wp","href":"https:\/\/api.w.org\/{rel}","templated":true}]}}